{"id":7110,"date":"2026-01-13T13:46:24","date_gmt":"2026-01-13T17:46:24","guid":{"rendered":"https:\/\/boudreaumetalandcustomdesigns.ca\/?post_type=product&#038;p=7110"},"modified":"2026-01-13T14:22:40","modified_gmt":"2026-01-13T18:22:40","slug":"twin-stallions","status":"publish","type":"product","link":"https:\/\/boudreaumetalandcustomdesigns.ca\/fr\/produit\/twin-stallions\/","title":{"rendered":"Twin Stallions"},"content":{"rendered":"<p>Organize your keys with this handcrafted metal key hook showcasing horse in the wild. This metal art brings the spirit of the wilderness to your living space or cabin. Crafted from sturdy metal with a high-quality coating, it endures daily use. Features multiple hooks for keeping all your keys tidy and within reach. Show your love for horses with this practical wall accent.<\/p>\n<p><strong>Points forts:\u00a0<\/strong><\/p>\n<ul>\n<li>Artisanat en m\u00e9tal<\/li>\n<li>Rev\u00eatement de haute qualit\u00e9 pour une beaut\u00e9 durable<\/li>\n<li>Crafted into shapes or scenes relevant to hunting and the outdoors, such as wildlife silhouettes (deer, elk, fish, moose, horses)<\/li>\n<li>Multiple hooks for optimal organization,<\/li>\n<li>Keeps keys organized and easily accessible.<\/li>\n<\/ul>","protected":false},"excerpt":{"rendered":"<p>Handcrafted metal key hook with a Twin Stallions design. Keeps keys organized and adds wilderness style. Built to last \u2014<strong>\u00a0<span class=\"OYPEnA font-feature-liga-off font-feature-clig-off font-feature-calt-off text-decoration-none text-strikethrough-none\">Size: 6&#8243; x 10&#8243;<\/span><\/strong><\/p>","protected":false},"featured_media":7091,"comment_status":"closed","ping_status":"closed","template":"","meta":[],"product_brand":[],"product_cat":[112,114,26],"product_tag":[187,197,192,177],"giftcard-category":[],"class_list":{"0":"post-7110","1":"product","2":"type-product","3":"status-publish","4":"has-post-thumbnail","6":"product_cat-key-hooks","7":"product_cat-outdoor-and-garden-accents","8":"product_cat-shop-all","9":"product_tag-cabin-decor","10":"product_tag-metal-key-hooks","11":"product_tag-moose-art","12":"product_tag-unique-gifts-for-hunters","13":"latest_post","14":"image-hover-transition-effect","16":"first","17":"instock","18":"taxable","19":"shipping-taxable","20":"purchasable","21":"product-type-simple"},"yoast_head":"<!-- This site is optimized with the Yoast SEO plugin v25.5 - https:\/\/yoast.com\/wordpress\/plugins\/seo\/ -->\n<title>Twin Stallions - Boudreau Metal and Custom Designs<\/title>\n<meta name=\"description\" content=\"Handcrafted metal Twin Stallions key hook organizes keys. Adds wilderness style and lasts a long time. Shop Our key Hooks Today!\" \/>\n<meta name=\"robots\" content=\"index, follow, max-snippet:-1, max-image-preview:large, max-video-preview:-1\" \/>\n<link rel=\"canonical\" href=\"https:\/\/boudreaumetalandcustomdesigns.ca\/fr\/produit\/twin-stallions\/\" \/>\n<meta property=\"og:locale\" content=\"fr_CA\" \/>\n<meta property=\"og:type\" content=\"article\" \/>\n<meta property=\"og:title\" content=\"Twin Stallions - Boudreau Metal and Custom Designs\" \/>\n<meta property=\"og:description\" content=\"Handcrafted metal Twin Stallions key hook organizes keys. Adds wilderness style and lasts a long time. Shop Our key Hooks Today!\" \/>\n<meta property=\"og:url\" content=\"https:\/\/boudreaumetalandcustomdesigns.ca\/fr\/produit\/twin-stallions\/\" \/>\n<meta property=\"og:site_name\" content=\"Boudreau Metal and Custom Designs\" \/>\n<meta property=\"article:modified_time\" content=\"2026-01-13T18:22:40+00:00\" \/>\n<meta property=\"og:image\" content=\"https:\/\/boudreaumetalandcustomdesigns.ca\/wp-content\/uploads\/2026\/01\/THAL5133-scaled.jpg\" \/>\n\t<meta property=\"og:image:width\" content=\"2560\" \/>\n\t<meta property=\"og:image:height\" content=\"1707\" \/>\n\t<meta property=\"og:image:type\" content=\"image\/jpeg\" \/>\n<meta name=\"twitter:card\" content=\"summary_large_image\" \/>\n<meta name=\"twitter:label1\" content=\"Estimation du temps de lecture\" \/>\n\t<meta name=\"twitter:data1\" content=\"1 minute\" \/>\n<script type=\"application\/ld+json\" class=\"yoast-schema-graph\">{\"@context\":\"https:\/\/schema.org\",\"@graph\":[{\"@type\":\"WebPage\",\"@id\":\"https:\/\/boudreaumetalandcustomdesigns.ca\/product\/twin-stallions\/\",\"url\":\"https:\/\/boudreaumetalandcustomdesigns.ca\/product\/twin-stallions\/\",\"name\":\"Twin Stallions - Boudreau Metal and Custom Designs\",\"isPartOf\":{\"@id\":\"https:\/\/boudreaumetalandcustomdesigns.ca\/#website\"},\"primaryImageOfPage\":{\"@id\":\"https:\/\/boudreaumetalandcustomdesigns.ca\/product\/twin-stallions\/#primaryimage\"},\"image\":{\"@id\":\"https:\/\/boudreaumetalandcustomdesigns.ca\/product\/twin-stallions\/#primaryimage\"},\"thumbnailUrl\":\"https:\/\/boudreaumetalandcustomdesigns.ca\/wp-content\/uploads\/2026\/01\/THAL5133-scaled.jpg\",\"datePublished\":\"2026-01-13T17:46:24+00:00\",\"dateModified\":\"2026-01-13T18:22:40+00:00\",\"description\":\"Handcrafted metal Twin Stallions key hook organizes keys. Adds wilderness style and lasts a long time. Shop Our key Hooks Today!\",\"breadcrumb\":{\"@id\":\"https:\/\/boudreaumetalandcustomdesigns.ca\/product\/twin-stallions\/#breadcrumb\"},\"inLanguage\":\"fr-CA\",\"potentialAction\":[{\"@type\":\"ReadAction\",\"target\":[\"https:\/\/boudreaumetalandcustomdesigns.ca\/product\/twin-stallions\/\"]}]},{\"@type\":\"ImageObject\",\"inLanguage\":\"fr-CA\",\"@id\":\"https:\/\/boudreaumetalandcustomdesigns.ca\/product\/twin-stallions\/#primaryimage\",\"url\":\"https:\/\/boudreaumetalandcustomdesigns.ca\/wp-content\/uploads\/2026\/01\/THAL5133-scaled.jpg\",\"contentUrl\":\"https:\/\/boudreaumetalandcustomdesigns.ca\/wp-content\/uploads\/2026\/01\/THAL5133-scaled.jpg\",\"width\":2560,\"height\":1707},{\"@type\":\"BreadcrumbList\",\"@id\":\"https:\/\/boudreaumetalandcustomdesigns.ca\/product\/twin-stallions\/#breadcrumb\",\"itemListElement\":[{\"@type\":\"ListItem\",\"position\":1,\"name\":\"Home\",\"item\":\"https:\/\/boudreaumetalandcustomdesigns.ca\/\"},{\"@type\":\"ListItem\",\"position\":2,\"name\":\"Shop All\",\"item\":\"https:\/\/boudreaumetalandcustomdesigns.ca\/shop-all\/\"},{\"@type\":\"ListItem\",\"position\":3,\"name\":\"Twin Stallions\"}]},{\"@type\":\"WebSite\",\"@id\":\"https:\/\/boudreaumetalandcustomdesigns.ca\/#website\",\"url\":\"https:\/\/boudreaumetalandcustomdesigns.ca\/\",\"name\":\"Boudreau Metal and Custom Designs\",\"description\":\"\",\"publisher\":{\"@id\":\"https:\/\/boudreaumetalandcustomdesigns.ca\/#organization\"},\"potentialAction\":[{\"@type\":\"SearchAction\",\"target\":{\"@type\":\"EntryPoint\",\"urlTemplate\":\"https:\/\/boudreaumetalandcustomdesigns.ca\/?s={search_term_string}\"},\"query-input\":{\"@type\":\"PropertyValueSpecification\",\"valueRequired\":true,\"valueName\":\"search_term_string\"}}],\"inLanguage\":\"fr-CA\"},{\"@type\":\"Organization\",\"@id\":\"https:\/\/boudreaumetalandcustomdesigns.ca\/#organization\",\"name\":\"Boudreau Metal and Custom Designs\",\"url\":\"https:\/\/boudreaumetalandcustomdesigns.ca\/\",\"logo\":{\"@type\":\"ImageObject\",\"inLanguage\":\"fr-CA\",\"@id\":\"https:\/\/boudreaumetalandcustomdesigns.ca\/#\/schema\/logo\/image\/\",\"url\":\"https:\/\/boudreaumetalandcustomdesigns.ca\/wp-content\/uploads\/2025\/03\/Boudreau-Web-Logo.png\",\"contentUrl\":\"https:\/\/boudreaumetalandcustomdesigns.ca\/wp-content\/uploads\/2025\/03\/Boudreau-Web-Logo.png\",\"width\":300,\"height\":150,\"caption\":\"Boudreau Metal and Custom Designs\"},\"image\":{\"@id\":\"https:\/\/boudreaumetalandcustomdesigns.ca\/#\/schema\/logo\/image\/\"}}]}<\/script>\n<!-- \/ Yoast SEO plugin. -->","yoast_head_json":{"title":"Twin Stallions - Boudreau Metal and Custom Designs","description":"Handcrafted metal Twin Stallions key hook organizes keys. Adds wilderness style and lasts a long time. Shop Our key Hooks Today!","robots":{"index":"index","follow":"follow","max-snippet":"max-snippet:-1","max-image-preview":"max-image-preview:large","max-video-preview":"max-video-preview:-1"},"canonical":"https:\/\/boudreaumetalandcustomdesigns.ca\/fr\/produit\/twin-stallions\/","og_locale":"fr_CA","og_type":"article","og_title":"Twin Stallions - Boudreau Metal and Custom Designs","og_description":"Handcrafted metal Twin Stallions key hook organizes keys. Adds wilderness style and lasts a long time. Shop Our key Hooks Today!","og_url":"https:\/\/boudreaumetalandcustomdesigns.ca\/fr\/produit\/twin-stallions\/","og_site_name":"Boudreau Metal and Custom Designs","article_modified_time":"2026-01-13T18:22:40+00:00","og_image":[{"width":2560,"height":1707,"url":"https:\/\/boudreaumetalandcustomdesigns.ca\/wp-content\/uploads\/2026\/01\/THAL5133-scaled.jpg","type":"image\/jpeg"}],"twitter_card":"summary_large_image","twitter_misc":{"Estimation du temps de lecture":"1 minute"},"schema":{"@context":"https:\/\/schema.org","@graph":[{"@type":"WebPage","@id":"https:\/\/boudreaumetalandcustomdesigns.ca\/product\/twin-stallions\/","url":"https:\/\/boudreaumetalandcustomdesigns.ca\/product\/twin-stallions\/","name":"Twin Stallions - Boudreau Metal and Custom Designs","isPartOf":{"@id":"https:\/\/boudreaumetalandcustomdesigns.ca\/#website"},"primaryImageOfPage":{"@id":"https:\/\/boudreaumetalandcustomdesigns.ca\/product\/twin-stallions\/#primaryimage"},"image":{"@id":"https:\/\/boudreaumetalandcustomdesigns.ca\/product\/twin-stallions\/#primaryimage"},"thumbnailUrl":"https:\/\/boudreaumetalandcustomdesigns.ca\/wp-content\/uploads\/2026\/01\/THAL5133-scaled.jpg","datePublished":"2026-01-13T17:46:24+00:00","dateModified":"2026-01-13T18:22:40+00:00","description":"Handcrafted metal Twin Stallions key hook organizes keys. Adds wilderness style and lasts a long time. Shop Our key Hooks Today!","breadcrumb":{"@id":"https:\/\/boudreaumetalandcustomdesigns.ca\/product\/twin-stallions\/#breadcrumb"},"inLanguage":"fr-CA","potentialAction":[{"@type":"ReadAction","target":["https:\/\/boudreaumetalandcustomdesigns.ca\/product\/twin-stallions\/"]}]},{"@type":"ImageObject","inLanguage":"fr-CA","@id":"https:\/\/boudreaumetalandcustomdesigns.ca\/product\/twin-stallions\/#primaryimage","url":"https:\/\/boudreaumetalandcustomdesigns.ca\/wp-content\/uploads\/2026\/01\/THAL5133-scaled.jpg","contentUrl":"https:\/\/boudreaumetalandcustomdesigns.ca\/wp-content\/uploads\/2026\/01\/THAL5133-scaled.jpg","width":2560,"height":1707},{"@type":"BreadcrumbList","@id":"https:\/\/boudreaumetalandcustomdesigns.ca\/product\/twin-stallions\/#breadcrumb","itemListElement":[{"@type":"ListItem","position":1,"name":"Home","item":"https:\/\/boudreaumetalandcustomdesigns.ca\/"},{"@type":"ListItem","position":2,"name":"Shop All","item":"https:\/\/boudreaumetalandcustomdesigns.ca\/shop-all\/"},{"@type":"ListItem","position":3,"name":"Twin Stallions"}]},{"@type":"WebSite","@id":"https:\/\/boudreaumetalandcustomdesigns.ca\/#website","url":"https:\/\/boudreaumetalandcustomdesigns.ca\/","name":"Boudreau Metal and Custom Designs","description":"","publisher":{"@id":"https:\/\/boudreaumetalandcustomdesigns.ca\/#organization"},"potentialAction":[{"@type":"SearchAction","target":{"@type":"EntryPoint","urlTemplate":"https:\/\/boudreaumetalandcustomdesigns.ca\/?s={search_term_string}"},"query-input":{"@type":"PropertyValueSpecification","valueRequired":true,"valueName":"search_term_string"}}],"inLanguage":"fr-CA"},{"@type":"Organization","@id":"https:\/\/boudreaumetalandcustomdesigns.ca\/#organization","name":"Boudreau Metal and Custom Designs","url":"https:\/\/boudreaumetalandcustomdesigns.ca\/","logo":{"@type":"ImageObject","inLanguage":"fr-CA","@id":"https:\/\/boudreaumetalandcustomdesigns.ca\/#\/schema\/logo\/image\/","url":"https:\/\/boudreaumetalandcustomdesigns.ca\/wp-content\/uploads\/2025\/03\/Boudreau-Web-Logo.png","contentUrl":"https:\/\/boudreaumetalandcustomdesigns.ca\/wp-content\/uploads\/2025\/03\/Boudreau-Web-Logo.png","width":300,"height":150,"caption":"Boudreau Metal and Custom Designs"},"image":{"@id":"https:\/\/boudreaumetalandcustomdesigns.ca\/#\/schema\/logo\/image\/"}}]}},"_links":{"self":[{"href":"https:\/\/boudreaumetalandcustomdesigns.ca\/fr\/wp-json\/wp\/v2\/product\/7110","targetHints":{"allow":["GET"]}}],"collection":[{"href":"https:\/\/boudreaumetalandcustomdesigns.ca\/fr\/wp-json\/wp\/v2\/product"}],"about":[{"href":"https:\/\/boudreaumetalandcustomdesigns.ca\/fr\/wp-json\/wp\/v2\/types\/product"}],"replies":[{"embeddable":true,"href":"https:\/\/boudreaumetalandcustomdesigns.ca\/fr\/wp-json\/wp\/v2\/comments?post=7110"}],"version-history":[{"count":0,"href":"https:\/\/boudreaumetalandcustomdesigns.ca\/fr\/wp-json\/wp\/v2\/product\/7110\/revisions"}],"wp:featuredmedia":[{"embeddable":true,"href":"https:\/\/boudreaumetalandcustomdesigns.ca\/fr\/wp-json\/wp\/v2\/media\/7091"}],"wp:attachment":[{"href":"https:\/\/boudreaumetalandcustomdesigns.ca\/fr\/wp-json\/wp\/v2\/media?parent=7110"}],"wp:term":[{"taxonomy":"product_brand","embeddable":true,"href":"https:\/\/boudreaumetalandcustomdesigns.ca\/fr\/wp-json\/wp\/v2\/product_brand?post=7110"},{"taxonomy":"product_cat","embeddable":true,"href":"https:\/\/boudreaumetalandcustomdesigns.ca\/fr\/wp-json\/wp\/v2\/product_cat?post=7110"},{"taxonomy":"product_tag","embeddable":true,"href":"https:\/\/boudreaumetalandcustomdesigns.ca\/fr\/wp-json\/wp\/v2\/product_tag?post=7110"},{"taxonomy":"giftcard-category","embeddable":true,"href":"https:\/\/boudreaumetalandcustomdesigns.ca\/fr\/wp-json\/wp\/v2\/giftcard-category?post=7110"}],"curies":[{"name":"wp","href":"https:\/\/api.w.org\/{rel}","templated":true}]}}