{"id":5441,"date":"2025-05-08T13:31:27","date_gmt":"2025-05-08T17:31:27","guid":{"rendered":"https:\/\/boudreaumetalandcustomdesigns.ca\/?post_type=product&#038;p=5441"},"modified":"2025-05-16T13:50:26","modified_gmt":"2025-05-16T17:50:26","slug":"wilderness-gathering-2","status":"publish","type":"product","link":"https:\/\/boudreaumetalandcustomdesigns.ca\/fr\/produit\/wilderness-gathering-2\/","title":{"rendered":"Wilderness Gathering"},"content":{"rendered":"<p>Celebrate moments shared in nature with the Wilderness Gathering metal art scene. Handcrafted from metal, this piece offers lasting beauty. Its high-quality coating ensures durability indoors or out. This art piece brings the feeling of coming together in the outdoors inside. It adds beauty and expresses your identity as someone who cherishes connections forged in nature. The unique texture of metal makes the scene come alive, a lasting addition to your home or outdoor decor. Let visitors appreciate this visual appeal and how the scene resonates with shared passions and memories in the wild.<\/p>\n<p><strong>Points forts:<\/strong><\/p>\n<ul>\n<li>Artisanat en m\u00e9tal<\/li>\n<li>Rev\u00eatement de haute qualit\u00e9 pour une beaut\u00e9 durable<\/li>\n<li>Utilisation int\u00e9rieure et ext\u00e9rieure<\/li>\n<li>Provides a unique texture and depth that can make nature scenes come alive.<\/li>\n<li>Makes a lasting addition to home or outdoor decor.<\/li>\n<\/ul>","protected":false},"excerpt":{"rendered":"<p><span class=\"OYPEnA font-feature-liga-off font-feature-clig-off font-feature-calt-off text-decoration-none text-strikethrough-none\">Handcrafted metal art scene Wilderness Gathering. Durable for indoors or out. Expresses shared moments in nature \u2014 <strong>Size: 11.7&#8243; x 14.1&#8243;<\/strong><\/span><\/p>","protected":false},"featured_media":5276,"comment_status":"closed","ping_status":"closed","template":"","meta":[],"product_brand":[],"product_cat":[223,115,26],"product_tag":[179,192,177,221],"giftcard-category":[],"class_list":{"0":"post-5441","1":"product","2":"type-product","3":"status-publish","4":"has-post-thumbnail","6":"product_cat-nature-inspired","7":"product_cat-welcome-scenes","8":"product_cat-shop-all","9":"product_tag-fathers-day-gifts","10":"product_tag-moose-art","11":"product_tag-unique-gifts-for-hunters","12":"product_tag-welcome-gifts","13":"latest_post","14":"image-hover-transition-effect","16":"first","17":"instock","18":"taxable","19":"shipping-taxable","20":"purchasable","21":"product-type-simple"},"yoast_head":"<!-- This site is optimized with the Yoast SEO plugin v25.5 - https:\/\/yoast.com\/wordpress\/plugins\/seo\/ -->\n<title>Wilderness Gathering - Boudreau Metal and Custom Designs<\/title>\n<meta name=\"description\" content=\"Remember your Wilderness Gathering with metal art. Handcrafted scene for outdoor enthusiasts. Durable nature connection decor gift. Shop Now!\" \/>\n<meta name=\"robots\" content=\"index, follow, max-snippet:-1, max-image-preview:large, max-video-preview:-1\" \/>\n<link rel=\"canonical\" href=\"https:\/\/boudreaumetalandcustomdesigns.ca\/fr\/produit\/wilderness-gathering-2\/\" \/>\n<meta property=\"og:locale\" content=\"fr_CA\" \/>\n<meta property=\"og:type\" content=\"article\" \/>\n<meta property=\"og:title\" content=\"Wilderness Gathering - Boudreau Metal and Custom Designs\" \/>\n<meta property=\"og:description\" content=\"Remember your Wilderness Gathering with metal art. Handcrafted scene for outdoor enthusiasts. Durable nature connection decor gift. Shop Now!\" \/>\n<meta property=\"og:url\" content=\"https:\/\/boudreaumetalandcustomdesigns.ca\/fr\/produit\/wilderness-gathering-2\/\" \/>\n<meta property=\"og:site_name\" content=\"Boudreau Metal and Custom Designs\" \/>\n<meta property=\"article:modified_time\" content=\"2025-05-16T17:50:26+00:00\" \/>\n<meta property=\"og:image\" content=\"https:\/\/boudreaumetalandcustomdesigns.ca\/wp-content\/uploads\/2025\/05\/Wilderness-Gathering.png\" \/>\n\t<meta property=\"og:image:width\" content=\"780\" \/>\n\t<meta property=\"og:image:height\" content=\"782\" \/>\n\t<meta property=\"og:image:type\" content=\"image\/png\" \/>\n<meta name=\"twitter:card\" content=\"summary_large_image\" \/>\n<meta name=\"twitter:label1\" content=\"Estimation du temps de lecture\" \/>\n\t<meta name=\"twitter:data1\" content=\"1 minute\" \/>\n<script type=\"application\/ld+json\" class=\"yoast-schema-graph\">{\"@context\":\"https:\/\/schema.org\",\"@graph\":[{\"@type\":\"WebPage\",\"@id\":\"https:\/\/boudreaumetalandcustomdesigns.ca\/product\/wilderness-gathering-2\/\",\"url\":\"https:\/\/boudreaumetalandcustomdesigns.ca\/product\/wilderness-gathering-2\/\",\"name\":\"Wilderness Gathering - Boudreau Metal and Custom Designs\",\"isPartOf\":{\"@id\":\"https:\/\/boudreaumetalandcustomdesigns.ca\/#website\"},\"primaryImageOfPage\":{\"@id\":\"https:\/\/boudreaumetalandcustomdesigns.ca\/product\/wilderness-gathering-2\/#primaryimage\"},\"image\":{\"@id\":\"https:\/\/boudreaumetalandcustomdesigns.ca\/product\/wilderness-gathering-2\/#primaryimage\"},\"thumbnailUrl\":\"https:\/\/boudreaumetalandcustomdesigns.ca\/wp-content\/uploads\/2025\/05\/Wilderness-Gathering.png\",\"datePublished\":\"2025-05-08T17:31:27+00:00\",\"dateModified\":\"2025-05-16T17:50:26+00:00\",\"description\":\"Remember your Wilderness Gathering with metal art. Handcrafted scene for outdoor enthusiasts. Durable nature connection decor gift. Shop Now!\",\"breadcrumb\":{\"@id\":\"https:\/\/boudreaumetalandcustomdesigns.ca\/product\/wilderness-gathering-2\/#breadcrumb\"},\"inLanguage\":\"fr-CA\",\"potentialAction\":[{\"@type\":\"ReadAction\",\"target\":[\"https:\/\/boudreaumetalandcustomdesigns.ca\/product\/wilderness-gathering-2\/\"]}]},{\"@type\":\"ImageObject\",\"inLanguage\":\"fr-CA\",\"@id\":\"https:\/\/boudreaumetalandcustomdesigns.ca\/product\/wilderness-gathering-2\/#primaryimage\",\"url\":\"https:\/\/boudreaumetalandcustomdesigns.ca\/wp-content\/uploads\/2025\/05\/Wilderness-Gathering.png\",\"contentUrl\":\"https:\/\/boudreaumetalandcustomdesigns.ca\/wp-content\/uploads\/2025\/05\/Wilderness-Gathering.png\",\"width\":1814,\"height\":1818},{\"@type\":\"BreadcrumbList\",\"@id\":\"https:\/\/boudreaumetalandcustomdesigns.ca\/product\/wilderness-gathering-2\/#breadcrumb\",\"itemListElement\":[{\"@type\":\"ListItem\",\"position\":1,\"name\":\"Home\",\"item\":\"https:\/\/boudreaumetalandcustomdesigns.ca\/\"},{\"@type\":\"ListItem\",\"position\":2,\"name\":\"Shop All\",\"item\":\"https:\/\/boudreaumetalandcustomdesigns.ca\/shop-all\/\"},{\"@type\":\"ListItem\",\"position\":3,\"name\":\"Wilderness Gathering\"}]},{\"@type\":\"WebSite\",\"@id\":\"https:\/\/boudreaumetalandcustomdesigns.ca\/#website\",\"url\":\"https:\/\/boudreaumetalandcustomdesigns.ca\/\",\"name\":\"Boudreau Metal and Custom Designs\",\"description\":\"\",\"publisher\":{\"@id\":\"https:\/\/boudreaumetalandcustomdesigns.ca\/#organization\"},\"potentialAction\":[{\"@type\":\"SearchAction\",\"target\":{\"@type\":\"EntryPoint\",\"urlTemplate\":\"https:\/\/boudreaumetalandcustomdesigns.ca\/?s={search_term_string}\"},\"query-input\":{\"@type\":\"PropertyValueSpecification\",\"valueRequired\":true,\"valueName\":\"search_term_string\"}}],\"inLanguage\":\"fr-CA\"},{\"@type\":\"Organization\",\"@id\":\"https:\/\/boudreaumetalandcustomdesigns.ca\/#organization\",\"name\":\"Boudreau Metal and Custom Designs\",\"url\":\"https:\/\/boudreaumetalandcustomdesigns.ca\/\",\"logo\":{\"@type\":\"ImageObject\",\"inLanguage\":\"fr-CA\",\"@id\":\"https:\/\/boudreaumetalandcustomdesigns.ca\/#\/schema\/logo\/image\/\",\"url\":\"https:\/\/boudreaumetalandcustomdesigns.ca\/wp-content\/uploads\/2025\/03\/Boudreau-Web-Logo.png\",\"contentUrl\":\"https:\/\/boudreaumetalandcustomdesigns.ca\/wp-content\/uploads\/2025\/03\/Boudreau-Web-Logo.png\",\"width\":300,\"height\":150,\"caption\":\"Boudreau Metal and Custom Designs\"},\"image\":{\"@id\":\"https:\/\/boudreaumetalandcustomdesigns.ca\/#\/schema\/logo\/image\/\"}}]}<\/script>\n<!-- \/ Yoast SEO plugin. -->","yoast_head_json":{"title":"Wilderness Gathering - Boudreau Metal and Custom Designs","description":"Remember your Wilderness Gathering with metal art. Handcrafted scene for outdoor enthusiasts. Durable nature connection decor gift. Shop Now!","robots":{"index":"index","follow":"follow","max-snippet":"max-snippet:-1","max-image-preview":"max-image-preview:large","max-video-preview":"max-video-preview:-1"},"canonical":"https:\/\/boudreaumetalandcustomdesigns.ca\/fr\/produit\/wilderness-gathering-2\/","og_locale":"fr_CA","og_type":"article","og_title":"Wilderness Gathering - Boudreau Metal and Custom Designs","og_description":"Remember your Wilderness Gathering with metal art. Handcrafted scene for outdoor enthusiasts. Durable nature connection decor gift. Shop Now!","og_url":"https:\/\/boudreaumetalandcustomdesigns.ca\/fr\/produit\/wilderness-gathering-2\/","og_site_name":"Boudreau Metal and Custom Designs","article_modified_time":"2025-05-16T17:50:26+00:00","og_image":[{"url":"https:\/\/boudreaumetalandcustomdesigns.ca\/wp-content\/uploads\/2025\/05\/Wilderness-Gathering.png","width":780,"height":782,"type":"image\/png"}],"twitter_card":"summary_large_image","twitter_misc":{"Estimation du temps de lecture":"1 minute"},"schema":{"@context":"https:\/\/schema.org","@graph":[{"@type":"WebPage","@id":"https:\/\/boudreaumetalandcustomdesigns.ca\/product\/wilderness-gathering-2\/","url":"https:\/\/boudreaumetalandcustomdesigns.ca\/product\/wilderness-gathering-2\/","name":"Wilderness Gathering - Boudreau Metal and Custom Designs","isPartOf":{"@id":"https:\/\/boudreaumetalandcustomdesigns.ca\/#website"},"primaryImageOfPage":{"@id":"https:\/\/boudreaumetalandcustomdesigns.ca\/product\/wilderness-gathering-2\/#primaryimage"},"image":{"@id":"https:\/\/boudreaumetalandcustomdesigns.ca\/product\/wilderness-gathering-2\/#primaryimage"},"thumbnailUrl":"https:\/\/boudreaumetalandcustomdesigns.ca\/wp-content\/uploads\/2025\/05\/Wilderness-Gathering.png","datePublished":"2025-05-08T17:31:27+00:00","dateModified":"2025-05-16T17:50:26+00:00","description":"Remember your Wilderness Gathering with metal art. Handcrafted scene for outdoor enthusiasts. Durable nature connection decor gift. Shop Now!","breadcrumb":{"@id":"https:\/\/boudreaumetalandcustomdesigns.ca\/product\/wilderness-gathering-2\/#breadcrumb"},"inLanguage":"fr-CA","potentialAction":[{"@type":"ReadAction","target":["https:\/\/boudreaumetalandcustomdesigns.ca\/product\/wilderness-gathering-2\/"]}]},{"@type":"ImageObject","inLanguage":"fr-CA","@id":"https:\/\/boudreaumetalandcustomdesigns.ca\/product\/wilderness-gathering-2\/#primaryimage","url":"https:\/\/boudreaumetalandcustomdesigns.ca\/wp-content\/uploads\/2025\/05\/Wilderness-Gathering.png","contentUrl":"https:\/\/boudreaumetalandcustomdesigns.ca\/wp-content\/uploads\/2025\/05\/Wilderness-Gathering.png","width":1814,"height":1818},{"@type":"BreadcrumbList","@id":"https:\/\/boudreaumetalandcustomdesigns.ca\/product\/wilderness-gathering-2\/#breadcrumb","itemListElement":[{"@type":"ListItem","position":1,"name":"Home","item":"https:\/\/boudreaumetalandcustomdesigns.ca\/"},{"@type":"ListItem","position":2,"name":"Shop All","item":"https:\/\/boudreaumetalandcustomdesigns.ca\/shop-all\/"},{"@type":"ListItem","position":3,"name":"Wilderness Gathering"}]},{"@type":"WebSite","@id":"https:\/\/boudreaumetalandcustomdesigns.ca\/#website","url":"https:\/\/boudreaumetalandcustomdesigns.ca\/","name":"Boudreau Metal and Custom Designs","description":"","publisher":{"@id":"https:\/\/boudreaumetalandcustomdesigns.ca\/#organization"},"potentialAction":[{"@type":"SearchAction","target":{"@type":"EntryPoint","urlTemplate":"https:\/\/boudreaumetalandcustomdesigns.ca\/?s={search_term_string}"},"query-input":{"@type":"PropertyValueSpecification","valueRequired":true,"valueName":"search_term_string"}}],"inLanguage":"fr-CA"},{"@type":"Organization","@id":"https:\/\/boudreaumetalandcustomdesigns.ca\/#organization","name":"Boudreau Metal and Custom Designs","url":"https:\/\/boudreaumetalandcustomdesigns.ca\/","logo":{"@type":"ImageObject","inLanguage":"fr-CA","@id":"https:\/\/boudreaumetalandcustomdesigns.ca\/#\/schema\/logo\/image\/","url":"https:\/\/boudreaumetalandcustomdesigns.ca\/wp-content\/uploads\/2025\/03\/Boudreau-Web-Logo.png","contentUrl":"https:\/\/boudreaumetalandcustomdesigns.ca\/wp-content\/uploads\/2025\/03\/Boudreau-Web-Logo.png","width":300,"height":150,"caption":"Boudreau Metal and Custom Designs"},"image":{"@id":"https:\/\/boudreaumetalandcustomdesigns.ca\/#\/schema\/logo\/image\/"}}]}},"_links":{"self":[{"href":"https:\/\/boudreaumetalandcustomdesigns.ca\/fr\/wp-json\/wp\/v2\/product\/5441","targetHints":{"allow":["GET"]}}],"collection":[{"href":"https:\/\/boudreaumetalandcustomdesigns.ca\/fr\/wp-json\/wp\/v2\/product"}],"about":[{"href":"https:\/\/boudreaumetalandcustomdesigns.ca\/fr\/wp-json\/wp\/v2\/types\/product"}],"replies":[{"embeddable":true,"href":"https:\/\/boudreaumetalandcustomdesigns.ca\/fr\/wp-json\/wp\/v2\/comments?post=5441"}],"version-history":[{"count":0,"href":"https:\/\/boudreaumetalandcustomdesigns.ca\/fr\/wp-json\/wp\/v2\/product\/5441\/revisions"}],"wp:featuredmedia":[{"embeddable":true,"href":"https:\/\/boudreaumetalandcustomdesigns.ca\/fr\/wp-json\/wp\/v2\/media\/5276"}],"wp:attachment":[{"href":"https:\/\/boudreaumetalandcustomdesigns.ca\/fr\/wp-json\/wp\/v2\/media?parent=5441"}],"wp:term":[{"taxonomy":"product_brand","embeddable":true,"href":"https:\/\/boudreaumetalandcustomdesigns.ca\/fr\/wp-json\/wp\/v2\/product_brand?post=5441"},{"taxonomy":"product_cat","embeddable":true,"href":"https:\/\/boudreaumetalandcustomdesigns.ca\/fr\/wp-json\/wp\/v2\/product_cat?post=5441"},{"taxonomy":"product_tag","embeddable":true,"href":"https:\/\/boudreaumetalandcustomdesigns.ca\/fr\/wp-json\/wp\/v2\/product_tag?post=5441"},{"taxonomy":"giftcard-category","embeddable":true,"href":"https:\/\/boudreaumetalandcustomdesigns.ca\/fr\/wp-json\/wp\/v2\/giftcard-category?post=5441"}],"curies":[{"name":"wp","href":"https:\/\/api.w.org\/{rel}","templated":true}]}}