{"id":5401,"date":"2025-05-08T12:08:05","date_gmt":"2025-05-08T16:08:05","guid":{"rendered":"https:\/\/boudreaumetalandcustomdesigns.ca\/?post_type=product&#038;p=5401"},"modified":"2025-05-16T13:41:57","modified_gmt":"2025-05-16T17:41:57","slug":"the-big-catch","status":"publish","type":"product","link":"https:\/\/boudreaumetalandcustomdesigns.ca\/fr\/produit\/the-big-catch\/","title":{"rendered":"The Big Catch"},"content":{"rendered":"<p>Keep your entryway clear and organized right by the door. &#8220;The Big Catch&#8221; coat rack provides a dedicated spot for coats, hats, scarves, and bags. This rack is handcrafted from metal material, built to stand the test of time. It features a high quality coating for lasting beauty. The design brings a touch of your passion for the outdoors and fishing into your home or cabin. It displays your interest in fishing and provides a useful place to hang your gear. This is a quality item made with care. It makes a great piece for your own space or a thoughtful gift for someone who enjoys time on the water.<\/p>\n<p><strong>Points forts:<\/strong><\/p>\n<ul>\n<li>Artisanat en m\u00e9tal<\/li>\n<li>Rev\u00eatement de haute qualit\u00e9 pour une beaut\u00e9 durable<\/li>\n<li>Provides a dedicated place right by the door to hang coats, hats, scarves, and bags, keeping the entry area tidy and organized.<\/li>\n<\/ul>","protected":false},"excerpt":{"rendered":"<p>Handcrafted metal coat rack for entryway organization. Features a fishing-themed design. Built to last with a quality coating \u2014 <strong>Size: 18&#8243; x 17&#8243;<\/strong><\/p>\n<p>&nbsp;<\/p>","protected":false},"featured_media":4703,"comment_status":"closed","ping_status":"closed","template":"","meta":[],"product_brand":[],"product_cat":[111,222,26],"product_tag":[179,200,190,182,188,177],"giftcard-category":[],"class_list":{"0":"post-5401","1":"product","2":"type-product","3":"status-publish","4":"has-post-thumbnail","6":"product_cat-coat-racks","7":"product_cat-fish-inspired","8":"product_cat-shop-all","9":"product_tag-fathers-day-gifts","10":"product_tag-fish-art","11":"product_tag-gifts-for-dad","12":"product_tag-home-decor","13":"product_tag-rustic-metal-art","14":"product_tag-unique-gifts-for-hunters","15":"latest_post","16":"image-hover-transition-effect","18":"first","19":"instock","20":"taxable","21":"shipping-taxable","22":"purchasable","23":"product-type-simple"},"yoast_head":"<!-- This site is optimized with the Yoast SEO plugin v25.5 - https:\/\/yoast.com\/wordpress\/plugins\/seo\/ -->\n<title>The Big Catch - Boudreau Metal and Custom Designs<\/title>\n<meta name=\"description\" content=\"Organize your entryway with &quot;The Big Catch&quot; handcrafted metal coat rack. Durable, fishing-themed design brings the outdoors inside. Shop quality wall hooks.\" \/>\n<meta name=\"robots\" content=\"index, follow, max-snippet:-1, max-image-preview:large, max-video-preview:-1\" \/>\n<link rel=\"canonical\" href=\"https:\/\/boudreaumetalandcustomdesigns.ca\/fr\/produit\/the-big-catch\/\" \/>\n<meta property=\"og:locale\" content=\"fr_CA\" \/>\n<meta property=\"og:type\" content=\"article\" \/>\n<meta property=\"og:title\" content=\"The Big Catch - Boudreau Metal and Custom Designs\" \/>\n<meta property=\"og:description\" content=\"Organize your entryway with &quot;The Big Catch&quot; handcrafted metal coat rack. Durable, fishing-themed design brings the outdoors inside. Shop quality wall hooks.\" \/>\n<meta property=\"og:url\" content=\"https:\/\/boudreaumetalandcustomdesigns.ca\/fr\/produit\/the-big-catch\/\" \/>\n<meta property=\"og:site_name\" content=\"Boudreau Metal and Custom Designs\" \/>\n<meta property=\"article:modified_time\" content=\"2025-05-16T17:41:57+00:00\" \/>\n<meta property=\"og:image\" content=\"https:\/\/boudreaumetalandcustomdesigns.ca\/wp-content\/uploads\/2025\/05\/The-Big-Catch.png\" \/>\n\t<meta property=\"og:image:width\" content=\"780\" \/>\n\t<meta property=\"og:image:height\" content=\"782\" \/>\n\t<meta property=\"og:image:type\" content=\"image\/png\" \/>\n<meta name=\"twitter:card\" content=\"summary_large_image\" \/>\n<meta name=\"twitter:label1\" content=\"Estimation du temps de lecture\" \/>\n\t<meta name=\"twitter:data1\" content=\"1 minute\" \/>\n<script type=\"application\/ld+json\" class=\"yoast-schema-graph\">{\"@context\":\"https:\/\/schema.org\",\"@graph\":[{\"@type\":\"WebPage\",\"@id\":\"https:\/\/boudreaumetalandcustomdesigns.ca\/product\/the-big-catch\/\",\"url\":\"https:\/\/boudreaumetalandcustomdesigns.ca\/product\/the-big-catch\/\",\"name\":\"The Big Catch - Boudreau Metal and Custom Designs\",\"isPartOf\":{\"@id\":\"https:\/\/boudreaumetalandcustomdesigns.ca\/#website\"},\"primaryImageOfPage\":{\"@id\":\"https:\/\/boudreaumetalandcustomdesigns.ca\/product\/the-big-catch\/#primaryimage\"},\"image\":{\"@id\":\"https:\/\/boudreaumetalandcustomdesigns.ca\/product\/the-big-catch\/#primaryimage\"},\"thumbnailUrl\":\"https:\/\/boudreaumetalandcustomdesigns.ca\/wp-content\/uploads\/2025\/05\/The-Big-Catch.png\",\"datePublished\":\"2025-05-08T16:08:05+00:00\",\"dateModified\":\"2025-05-16T17:41:57+00:00\",\"description\":\"Organize your entryway with \\\"The Big Catch\\\" handcrafted metal coat rack. Durable, fishing-themed design brings the outdoors inside. Shop quality wall hooks.\",\"breadcrumb\":{\"@id\":\"https:\/\/boudreaumetalandcustomdesigns.ca\/product\/the-big-catch\/#breadcrumb\"},\"inLanguage\":\"fr-CA\",\"potentialAction\":[{\"@type\":\"ReadAction\",\"target\":[\"https:\/\/boudreaumetalandcustomdesigns.ca\/product\/the-big-catch\/\"]}]},{\"@type\":\"ImageObject\",\"inLanguage\":\"fr-CA\",\"@id\":\"https:\/\/boudreaumetalandcustomdesigns.ca\/product\/the-big-catch\/#primaryimage\",\"url\":\"https:\/\/boudreaumetalandcustomdesigns.ca\/wp-content\/uploads\/2025\/05\/The-Big-Catch.png\",\"contentUrl\":\"https:\/\/boudreaumetalandcustomdesigns.ca\/wp-content\/uploads\/2025\/05\/The-Big-Catch.png\",\"width\":1814,\"height\":1818},{\"@type\":\"BreadcrumbList\",\"@id\":\"https:\/\/boudreaumetalandcustomdesigns.ca\/product\/the-big-catch\/#breadcrumb\",\"itemListElement\":[{\"@type\":\"ListItem\",\"position\":1,\"name\":\"Home\",\"item\":\"https:\/\/boudreaumetalandcustomdesigns.ca\/\"},{\"@type\":\"ListItem\",\"position\":2,\"name\":\"Shop All\",\"item\":\"https:\/\/boudreaumetalandcustomdesigns.ca\/shop-all\/\"},{\"@type\":\"ListItem\",\"position\":3,\"name\":\"The Big Catch\"}]},{\"@type\":\"WebSite\",\"@id\":\"https:\/\/boudreaumetalandcustomdesigns.ca\/#website\",\"url\":\"https:\/\/boudreaumetalandcustomdesigns.ca\/\",\"name\":\"Boudreau Metal and Custom Designs\",\"description\":\"\",\"publisher\":{\"@id\":\"https:\/\/boudreaumetalandcustomdesigns.ca\/#organization\"},\"potentialAction\":[{\"@type\":\"SearchAction\",\"target\":{\"@type\":\"EntryPoint\",\"urlTemplate\":\"https:\/\/boudreaumetalandcustomdesigns.ca\/?s={search_term_string}\"},\"query-input\":{\"@type\":\"PropertyValueSpecification\",\"valueRequired\":true,\"valueName\":\"search_term_string\"}}],\"inLanguage\":\"fr-CA\"},{\"@type\":\"Organization\",\"@id\":\"https:\/\/boudreaumetalandcustomdesigns.ca\/#organization\",\"name\":\"Boudreau Metal and Custom Designs\",\"url\":\"https:\/\/boudreaumetalandcustomdesigns.ca\/\",\"logo\":{\"@type\":\"ImageObject\",\"inLanguage\":\"fr-CA\",\"@id\":\"https:\/\/boudreaumetalandcustomdesigns.ca\/#\/schema\/logo\/image\/\",\"url\":\"https:\/\/boudreaumetalandcustomdesigns.ca\/wp-content\/uploads\/2025\/03\/Boudreau-Web-Logo.png\",\"contentUrl\":\"https:\/\/boudreaumetalandcustomdesigns.ca\/wp-content\/uploads\/2025\/03\/Boudreau-Web-Logo.png\",\"width\":300,\"height\":150,\"caption\":\"Boudreau Metal and Custom Designs\"},\"image\":{\"@id\":\"https:\/\/boudreaumetalandcustomdesigns.ca\/#\/schema\/logo\/image\/\"}}]}<\/script>\n<!-- \/ Yoast SEO plugin. -->","yoast_head_json":{"title":"The Big Catch - Boudreau Metal and Custom Designs","description":"Organize your entryway with \"The Big Catch\" handcrafted metal coat rack. Durable, fishing-themed design brings the outdoors inside. Shop quality wall hooks.","robots":{"index":"index","follow":"follow","max-snippet":"max-snippet:-1","max-image-preview":"max-image-preview:large","max-video-preview":"max-video-preview:-1"},"canonical":"https:\/\/boudreaumetalandcustomdesigns.ca\/fr\/produit\/the-big-catch\/","og_locale":"fr_CA","og_type":"article","og_title":"The Big Catch - Boudreau Metal and Custom Designs","og_description":"Organize your entryway with \"The Big Catch\" handcrafted metal coat rack. Durable, fishing-themed design brings the outdoors inside. Shop quality wall hooks.","og_url":"https:\/\/boudreaumetalandcustomdesigns.ca\/fr\/produit\/the-big-catch\/","og_site_name":"Boudreau Metal and Custom Designs","article_modified_time":"2025-05-16T17:41:57+00:00","og_image":[{"url":"https:\/\/boudreaumetalandcustomdesigns.ca\/wp-content\/uploads\/2025\/05\/The-Big-Catch.png","width":780,"height":782,"type":"image\/png"}],"twitter_card":"summary_large_image","twitter_misc":{"Estimation du temps de lecture":"1 minute"},"schema":{"@context":"https:\/\/schema.org","@graph":[{"@type":"WebPage","@id":"https:\/\/boudreaumetalandcustomdesigns.ca\/product\/the-big-catch\/","url":"https:\/\/boudreaumetalandcustomdesigns.ca\/product\/the-big-catch\/","name":"The Big Catch - Boudreau Metal and Custom Designs","isPartOf":{"@id":"https:\/\/boudreaumetalandcustomdesigns.ca\/#website"},"primaryImageOfPage":{"@id":"https:\/\/boudreaumetalandcustomdesigns.ca\/product\/the-big-catch\/#primaryimage"},"image":{"@id":"https:\/\/boudreaumetalandcustomdesigns.ca\/product\/the-big-catch\/#primaryimage"},"thumbnailUrl":"https:\/\/boudreaumetalandcustomdesigns.ca\/wp-content\/uploads\/2025\/05\/The-Big-Catch.png","datePublished":"2025-05-08T16:08:05+00:00","dateModified":"2025-05-16T17:41:57+00:00","description":"Organize your entryway with \"The Big Catch\" handcrafted metal coat rack. Durable, fishing-themed design brings the outdoors inside. Shop quality wall hooks.","breadcrumb":{"@id":"https:\/\/boudreaumetalandcustomdesigns.ca\/product\/the-big-catch\/#breadcrumb"},"inLanguage":"fr-CA","potentialAction":[{"@type":"ReadAction","target":["https:\/\/boudreaumetalandcustomdesigns.ca\/product\/the-big-catch\/"]}]},{"@type":"ImageObject","inLanguage":"fr-CA","@id":"https:\/\/boudreaumetalandcustomdesigns.ca\/product\/the-big-catch\/#primaryimage","url":"https:\/\/boudreaumetalandcustomdesigns.ca\/wp-content\/uploads\/2025\/05\/The-Big-Catch.png","contentUrl":"https:\/\/boudreaumetalandcustomdesigns.ca\/wp-content\/uploads\/2025\/05\/The-Big-Catch.png","width":1814,"height":1818},{"@type":"BreadcrumbList","@id":"https:\/\/boudreaumetalandcustomdesigns.ca\/product\/the-big-catch\/#breadcrumb","itemListElement":[{"@type":"ListItem","position":1,"name":"Home","item":"https:\/\/boudreaumetalandcustomdesigns.ca\/"},{"@type":"ListItem","position":2,"name":"Shop All","item":"https:\/\/boudreaumetalandcustomdesigns.ca\/shop-all\/"},{"@type":"ListItem","position":3,"name":"The Big Catch"}]},{"@type":"WebSite","@id":"https:\/\/boudreaumetalandcustomdesigns.ca\/#website","url":"https:\/\/boudreaumetalandcustomdesigns.ca\/","name":"Boudreau Metal and Custom Designs","description":"","publisher":{"@id":"https:\/\/boudreaumetalandcustomdesigns.ca\/#organization"},"potentialAction":[{"@type":"SearchAction","target":{"@type":"EntryPoint","urlTemplate":"https:\/\/boudreaumetalandcustomdesigns.ca\/?s={search_term_string}"},"query-input":{"@type":"PropertyValueSpecification","valueRequired":true,"valueName":"search_term_string"}}],"inLanguage":"fr-CA"},{"@type":"Organization","@id":"https:\/\/boudreaumetalandcustomdesigns.ca\/#organization","name":"Boudreau Metal and Custom Designs","url":"https:\/\/boudreaumetalandcustomdesigns.ca\/","logo":{"@type":"ImageObject","inLanguage":"fr-CA","@id":"https:\/\/boudreaumetalandcustomdesigns.ca\/#\/schema\/logo\/image\/","url":"https:\/\/boudreaumetalandcustomdesigns.ca\/wp-content\/uploads\/2025\/03\/Boudreau-Web-Logo.png","contentUrl":"https:\/\/boudreaumetalandcustomdesigns.ca\/wp-content\/uploads\/2025\/03\/Boudreau-Web-Logo.png","width":300,"height":150,"caption":"Boudreau Metal and Custom Designs"},"image":{"@id":"https:\/\/boudreaumetalandcustomdesigns.ca\/#\/schema\/logo\/image\/"}}]}},"_links":{"self":[{"href":"https:\/\/boudreaumetalandcustomdesigns.ca\/fr\/wp-json\/wp\/v2\/product\/5401","targetHints":{"allow":["GET"]}}],"collection":[{"href":"https:\/\/boudreaumetalandcustomdesigns.ca\/fr\/wp-json\/wp\/v2\/product"}],"about":[{"href":"https:\/\/boudreaumetalandcustomdesigns.ca\/fr\/wp-json\/wp\/v2\/types\/product"}],"replies":[{"embeddable":true,"href":"https:\/\/boudreaumetalandcustomdesigns.ca\/fr\/wp-json\/wp\/v2\/comments?post=5401"}],"version-history":[{"count":0,"href":"https:\/\/boudreaumetalandcustomdesigns.ca\/fr\/wp-json\/wp\/v2\/product\/5401\/revisions"}],"wp:featuredmedia":[{"embeddable":true,"href":"https:\/\/boudreaumetalandcustomdesigns.ca\/fr\/wp-json\/wp\/v2\/media\/4703"}],"wp:attachment":[{"href":"https:\/\/boudreaumetalandcustomdesigns.ca\/fr\/wp-json\/wp\/v2\/media?parent=5401"}],"wp:term":[{"taxonomy":"product_brand","embeddable":true,"href":"https:\/\/boudreaumetalandcustomdesigns.ca\/fr\/wp-json\/wp\/v2\/product_brand?post=5401"},{"taxonomy":"product_cat","embeddable":true,"href":"https:\/\/boudreaumetalandcustomdesigns.ca\/fr\/wp-json\/wp\/v2\/product_cat?post=5401"},{"taxonomy":"product_tag","embeddable":true,"href":"https:\/\/boudreaumetalandcustomdesigns.ca\/fr\/wp-json\/wp\/v2\/product_tag?post=5401"},{"taxonomy":"giftcard-category","embeddable":true,"href":"https:\/\/boudreaumetalandcustomdesigns.ca\/fr\/wp-json\/wp\/v2\/giftcard-category?post=5401"}],"curies":[{"name":"wp","href":"https:\/\/api.w.org\/{rel}","templated":true}]}}