{"id":5399,"date":"2025-05-08T12:06:07","date_gmt":"2025-05-08T16:06:07","guid":{"rendered":"https:\/\/boudreaumetalandcustomdesigns.ca\/?post_type=product&#038;p=5399"},"modified":"2025-05-16T13:51:39","modified_gmt":"2025-05-16T17:51:39","slug":"forest-and-peaks","status":"publish","type":"product","link":"https:\/\/boudreaumetalandcustomdesigns.ca\/fr\/produit\/forest-and-peaks\/","title":{"rendered":"Forest and Peaks"},"content":{"rendered":"<p>Organize your entry area and keep it tidy right by the door. &#8220;Forest and Peaks&#8221; coat rack offers a specific place to hang coats, hats, scarves, and bags. This rack is handcrafted from metal material, built to stand the test of time. It features a high quality coating for lasting beauty. The design brings a touch of your love for forests and mountains into your space. It displays your interest in hiking or camping and provides a useful place to hang your gear. This is a quality item made with care. It makes a great piece for your own space or a thoughtful gift for someone who loves exploring trails and heights.<\/p>\n<p><strong>Points forts:<\/strong><\/p>\n<ul>\n<li>Artisanat en m\u00e9tal<\/li>\n<li>Rev\u00eatement de haute qualit\u00e9 pour une beaut\u00e9 durable<\/li>\n<li>Provides a dedicated place right by the door to hang coats, hats, scarves, and bags, keeping the entry area tidy and organized.<\/li>\n<\/ul>","protected":false},"excerpt":{"rendered":"<p>35&#8243; x 21&#8243; \u2014 3D \u2014 2 Layer<\/p>","protected":false},"featured_media":4702,"comment_status":"closed","ping_status":"closed","template":"","meta":[],"product_brand":[],"product_cat":[111,223,115,26],"product_tag":[182,194,177,186],"giftcard-category":[],"class_list":{"0":"post-5399","1":"product","2":"type-product","3":"status-publish","4":"has-post-thumbnail","6":"product_cat-coat-racks","7":"product_cat-nature-inspired","8":"product_cat-welcome-scenes","9":"product_cat-shop-all","10":"product_tag-home-decor","11":"product_tag-mountain-art","12":"product_tag-unique-gifts-for-hunters","13":"product_tag-wildlife-art","14":"latest_post","15":"image-hover-transition-effect","17":"first","18":"instock","19":"taxable","20":"shipping-taxable","21":"purchasable","22":"product-type-simple"},"yoast_head":"<!-- This site is optimized with the Yoast SEO plugin v25.5 - https:\/\/yoast.com\/wordpress\/plugins\/seo\/ -->\n<title>Forest and Peaks - Boudreau Metal and Custom Designs<\/title>\n<meta name=\"description\" content=\"Organize your entryway with, Forest and Peaks, handcrafted metal coat rack. Durable, nature-themed design. Shop Our Metal Coat Racks.\" \/>\n<meta name=\"robots\" content=\"index, follow, max-snippet:-1, max-image-preview:large, max-video-preview:-1\" \/>\n<link rel=\"canonical\" href=\"https:\/\/boudreaumetalandcustomdesigns.ca\/fr\/produit\/forest-and-peaks\/\" \/>\n<meta property=\"og:locale\" content=\"fr_CA\" \/>\n<meta property=\"og:type\" content=\"article\" \/>\n<meta property=\"og:title\" content=\"Forest and Peaks - Boudreau Metal and Custom Designs\" \/>\n<meta property=\"og:description\" content=\"Organize your entryway with, Forest and Peaks, handcrafted metal coat rack. Durable, nature-themed design. Shop Our Metal Coat Racks.\" \/>\n<meta property=\"og:url\" content=\"https:\/\/boudreaumetalandcustomdesigns.ca\/fr\/produit\/forest-and-peaks\/\" \/>\n<meta property=\"og:site_name\" content=\"Boudreau Metal and Custom Designs\" \/>\n<meta property=\"article:modified_time\" content=\"2025-05-16T17:51:39+00:00\" \/>\n<meta property=\"og:image\" content=\"https:\/\/boudreaumetalandcustomdesigns.ca\/wp-content\/uploads\/2025\/05\/Forest-and-Peaks-1022x1024.png\" \/>\n\t<meta property=\"og:image:width\" content=\"1022\" \/>\n\t<meta property=\"og:image:height\" content=\"1024\" \/>\n\t<meta property=\"og:image:type\" content=\"image\/png\" \/>\n<meta name=\"twitter:card\" content=\"summary_large_image\" \/>\n<meta name=\"twitter:label1\" content=\"Estimation du temps de lecture\" \/>\n\t<meta name=\"twitter:data1\" content=\"1 minute\" \/>\n<script type=\"application\/ld+json\" class=\"yoast-schema-graph\">{\"@context\":\"https:\/\/schema.org\",\"@graph\":[{\"@type\":\"WebPage\",\"@id\":\"https:\/\/boudreaumetalandcustomdesigns.ca\/product\/forest-and-peaks\/\",\"url\":\"https:\/\/boudreaumetalandcustomdesigns.ca\/product\/forest-and-peaks\/\",\"name\":\"Forest and Peaks - Boudreau Metal and Custom Designs\",\"isPartOf\":{\"@id\":\"https:\/\/boudreaumetalandcustomdesigns.ca\/#website\"},\"primaryImageOfPage\":{\"@id\":\"https:\/\/boudreaumetalandcustomdesigns.ca\/product\/forest-and-peaks\/#primaryimage\"},\"image\":{\"@id\":\"https:\/\/boudreaumetalandcustomdesigns.ca\/product\/forest-and-peaks\/#primaryimage\"},\"thumbnailUrl\":\"https:\/\/boudreaumetalandcustomdesigns.ca\/wp-content\/uploads\/2025\/05\/Forest-and-Peaks.png\",\"datePublished\":\"2025-05-08T16:06:07+00:00\",\"dateModified\":\"2025-05-16T17:51:39+00:00\",\"description\":\"Organize your entryway with, Forest and Peaks, handcrafted metal coat rack. Durable, nature-themed design. Shop Our Metal Coat Racks.\",\"breadcrumb\":{\"@id\":\"https:\/\/boudreaumetalandcustomdesigns.ca\/product\/forest-and-peaks\/#breadcrumb\"},\"inLanguage\":\"fr-CA\",\"potentialAction\":[{\"@type\":\"ReadAction\",\"target\":[\"https:\/\/boudreaumetalandcustomdesigns.ca\/product\/forest-and-peaks\/\"]}]},{\"@type\":\"ImageObject\",\"inLanguage\":\"fr-CA\",\"@id\":\"https:\/\/boudreaumetalandcustomdesigns.ca\/product\/forest-and-peaks\/#primaryimage\",\"url\":\"https:\/\/boudreaumetalandcustomdesigns.ca\/wp-content\/uploads\/2025\/05\/Forest-and-Peaks.png\",\"contentUrl\":\"https:\/\/boudreaumetalandcustomdesigns.ca\/wp-content\/uploads\/2025\/05\/Forest-and-Peaks.png\",\"width\":1814,\"height\":1818},{\"@type\":\"BreadcrumbList\",\"@id\":\"https:\/\/boudreaumetalandcustomdesigns.ca\/product\/forest-and-peaks\/#breadcrumb\",\"itemListElement\":[{\"@type\":\"ListItem\",\"position\":1,\"name\":\"Home\",\"item\":\"https:\/\/boudreaumetalandcustomdesigns.ca\/\"},{\"@type\":\"ListItem\",\"position\":2,\"name\":\"Shop All\",\"item\":\"https:\/\/boudreaumetalandcustomdesigns.ca\/shop-all\/\"},{\"@type\":\"ListItem\",\"position\":3,\"name\":\"Forest and Peaks\"}]},{\"@type\":\"WebSite\",\"@id\":\"https:\/\/boudreaumetalandcustomdesigns.ca\/#website\",\"url\":\"https:\/\/boudreaumetalandcustomdesigns.ca\/\",\"name\":\"Boudreau Metal and Custom Designs\",\"description\":\"\",\"publisher\":{\"@id\":\"https:\/\/boudreaumetalandcustomdesigns.ca\/#organization\"},\"potentialAction\":[{\"@type\":\"SearchAction\",\"target\":{\"@type\":\"EntryPoint\",\"urlTemplate\":\"https:\/\/boudreaumetalandcustomdesigns.ca\/?s={search_term_string}\"},\"query-input\":{\"@type\":\"PropertyValueSpecification\",\"valueRequired\":true,\"valueName\":\"search_term_string\"}}],\"inLanguage\":\"fr-CA\"},{\"@type\":\"Organization\",\"@id\":\"https:\/\/boudreaumetalandcustomdesigns.ca\/#organization\",\"name\":\"Boudreau Metal and Custom Designs\",\"url\":\"https:\/\/boudreaumetalandcustomdesigns.ca\/\",\"logo\":{\"@type\":\"ImageObject\",\"inLanguage\":\"fr-CA\",\"@id\":\"https:\/\/boudreaumetalandcustomdesigns.ca\/#\/schema\/logo\/image\/\",\"url\":\"https:\/\/boudreaumetalandcustomdesigns.ca\/wp-content\/uploads\/2025\/03\/Boudreau-Web-Logo.png\",\"contentUrl\":\"https:\/\/boudreaumetalandcustomdesigns.ca\/wp-content\/uploads\/2025\/03\/Boudreau-Web-Logo.png\",\"width\":300,\"height\":150,\"caption\":\"Boudreau Metal and Custom Designs\"},\"image\":{\"@id\":\"https:\/\/boudreaumetalandcustomdesigns.ca\/#\/schema\/logo\/image\/\"}}]}<\/script>\n<!-- \/ Yoast SEO plugin. -->","yoast_head_json":{"title":"Forest and Peaks - Boudreau Metal and Custom Designs","description":"Organize your entryway with, Forest and Peaks, handcrafted metal coat rack. Durable, nature-themed design. Shop Our Metal Coat Racks.","robots":{"index":"index","follow":"follow","max-snippet":"max-snippet:-1","max-image-preview":"max-image-preview:large","max-video-preview":"max-video-preview:-1"},"canonical":"https:\/\/boudreaumetalandcustomdesigns.ca\/fr\/produit\/forest-and-peaks\/","og_locale":"fr_CA","og_type":"article","og_title":"Forest and Peaks - Boudreau Metal and Custom Designs","og_description":"Organize your entryway with, Forest and Peaks, handcrafted metal coat rack. Durable, nature-themed design. Shop Our Metal Coat Racks.","og_url":"https:\/\/boudreaumetalandcustomdesigns.ca\/fr\/produit\/forest-and-peaks\/","og_site_name":"Boudreau Metal and Custom Designs","article_modified_time":"2025-05-16T17:51:39+00:00","og_image":[{"width":1022,"height":1024,"url":"https:\/\/boudreaumetalandcustomdesigns.ca\/wp-content\/uploads\/2025\/05\/Forest-and-Peaks-1022x1024.png","type":"image\/png"}],"twitter_card":"summary_large_image","twitter_misc":{"Estimation du temps de lecture":"1 minute"},"schema":{"@context":"https:\/\/schema.org","@graph":[{"@type":"WebPage","@id":"https:\/\/boudreaumetalandcustomdesigns.ca\/product\/forest-and-peaks\/","url":"https:\/\/boudreaumetalandcustomdesigns.ca\/product\/forest-and-peaks\/","name":"Forest and Peaks - Boudreau Metal and Custom Designs","isPartOf":{"@id":"https:\/\/boudreaumetalandcustomdesigns.ca\/#website"},"primaryImageOfPage":{"@id":"https:\/\/boudreaumetalandcustomdesigns.ca\/product\/forest-and-peaks\/#primaryimage"},"image":{"@id":"https:\/\/boudreaumetalandcustomdesigns.ca\/product\/forest-and-peaks\/#primaryimage"},"thumbnailUrl":"https:\/\/boudreaumetalandcustomdesigns.ca\/wp-content\/uploads\/2025\/05\/Forest-and-Peaks.png","datePublished":"2025-05-08T16:06:07+00:00","dateModified":"2025-05-16T17:51:39+00:00","description":"Organize your entryway with, Forest and Peaks, handcrafted metal coat rack. Durable, nature-themed design. Shop Our Metal Coat Racks.","breadcrumb":{"@id":"https:\/\/boudreaumetalandcustomdesigns.ca\/product\/forest-and-peaks\/#breadcrumb"},"inLanguage":"fr-CA","potentialAction":[{"@type":"ReadAction","target":["https:\/\/boudreaumetalandcustomdesigns.ca\/product\/forest-and-peaks\/"]}]},{"@type":"ImageObject","inLanguage":"fr-CA","@id":"https:\/\/boudreaumetalandcustomdesigns.ca\/product\/forest-and-peaks\/#primaryimage","url":"https:\/\/boudreaumetalandcustomdesigns.ca\/wp-content\/uploads\/2025\/05\/Forest-and-Peaks.png","contentUrl":"https:\/\/boudreaumetalandcustomdesigns.ca\/wp-content\/uploads\/2025\/05\/Forest-and-Peaks.png","width":1814,"height":1818},{"@type":"BreadcrumbList","@id":"https:\/\/boudreaumetalandcustomdesigns.ca\/product\/forest-and-peaks\/#breadcrumb","itemListElement":[{"@type":"ListItem","position":1,"name":"Home","item":"https:\/\/boudreaumetalandcustomdesigns.ca\/"},{"@type":"ListItem","position":2,"name":"Shop All","item":"https:\/\/boudreaumetalandcustomdesigns.ca\/shop-all\/"},{"@type":"ListItem","position":3,"name":"Forest and Peaks"}]},{"@type":"WebSite","@id":"https:\/\/boudreaumetalandcustomdesigns.ca\/#website","url":"https:\/\/boudreaumetalandcustomdesigns.ca\/","name":"Boudreau Metal and Custom Designs","description":"","publisher":{"@id":"https:\/\/boudreaumetalandcustomdesigns.ca\/#organization"},"potentialAction":[{"@type":"SearchAction","target":{"@type":"EntryPoint","urlTemplate":"https:\/\/boudreaumetalandcustomdesigns.ca\/?s={search_term_string}"},"query-input":{"@type":"PropertyValueSpecification","valueRequired":true,"valueName":"search_term_string"}}],"inLanguage":"fr-CA"},{"@type":"Organization","@id":"https:\/\/boudreaumetalandcustomdesigns.ca\/#organization","name":"Boudreau Metal and Custom Designs","url":"https:\/\/boudreaumetalandcustomdesigns.ca\/","logo":{"@type":"ImageObject","inLanguage":"fr-CA","@id":"https:\/\/boudreaumetalandcustomdesigns.ca\/#\/schema\/logo\/image\/","url":"https:\/\/boudreaumetalandcustomdesigns.ca\/wp-content\/uploads\/2025\/03\/Boudreau-Web-Logo.png","contentUrl":"https:\/\/boudreaumetalandcustomdesigns.ca\/wp-content\/uploads\/2025\/03\/Boudreau-Web-Logo.png","width":300,"height":150,"caption":"Boudreau Metal and Custom Designs"},"image":{"@id":"https:\/\/boudreaumetalandcustomdesigns.ca\/#\/schema\/logo\/image\/"}}]}},"_links":{"self":[{"href":"https:\/\/boudreaumetalandcustomdesigns.ca\/fr\/wp-json\/wp\/v2\/product\/5399","targetHints":{"allow":["GET"]}}],"collection":[{"href":"https:\/\/boudreaumetalandcustomdesigns.ca\/fr\/wp-json\/wp\/v2\/product"}],"about":[{"href":"https:\/\/boudreaumetalandcustomdesigns.ca\/fr\/wp-json\/wp\/v2\/types\/product"}],"replies":[{"embeddable":true,"href":"https:\/\/boudreaumetalandcustomdesigns.ca\/fr\/wp-json\/wp\/v2\/comments?post=5399"}],"version-history":[{"count":0,"href":"https:\/\/boudreaumetalandcustomdesigns.ca\/fr\/wp-json\/wp\/v2\/product\/5399\/revisions"}],"wp:featuredmedia":[{"embeddable":true,"href":"https:\/\/boudreaumetalandcustomdesigns.ca\/fr\/wp-json\/wp\/v2\/media\/4702"}],"wp:attachment":[{"href":"https:\/\/boudreaumetalandcustomdesigns.ca\/fr\/wp-json\/wp\/v2\/media?parent=5399"}],"wp:term":[{"taxonomy":"product_brand","embeddable":true,"href":"https:\/\/boudreaumetalandcustomdesigns.ca\/fr\/wp-json\/wp\/v2\/product_brand?post=5399"},{"taxonomy":"product_cat","embeddable":true,"href":"https:\/\/boudreaumetalandcustomdesigns.ca\/fr\/wp-json\/wp\/v2\/product_cat?post=5399"},{"taxonomy":"product_tag","embeddable":true,"href":"https:\/\/boudreaumetalandcustomdesigns.ca\/fr\/wp-json\/wp\/v2\/product_tag?post=5399"},{"taxonomy":"giftcard-category","embeddable":true,"href":"https:\/\/boudreaumetalandcustomdesigns.ca\/fr\/wp-json\/wp\/v2\/giftcard-category?post=5399"}],"curies":[{"name":"wp","href":"https:\/\/api.w.org\/{rel}","templated":true}]}}