{"id":4917,"date":"2025-05-06T12:57:49","date_gmt":"2025-05-06T16:57:49","guid":{"rendered":"https:\/\/boudreaumetalandcustomdesigns.ca\/?post_type=product&#038;p=4917"},"modified":"2026-01-29T11:53:12","modified_gmt":"2026-01-29T15:53:12","slug":"clear-purpose","status":"publish","type":"product","link":"https:\/\/boudreaumetalandcustomdesigns.ca\/fr\/produit\/clear-purpose\/","title":{"rendered":"Clear Purpose"},"content":{"rendered":"<p>Symbolize focused intention with the Clear Purpose metal rose. This handcrafted metal piece offers lasting beauty and directed meaning. Unlike real roses, this clarity endures. It represents having a defined aim and moving towards it. Give a gift that brings joy to people who appreciate gifts carrying a deeper message about life and identity. This metal rose combines a delicate look with metal strength, a lasting symbol of focus.<\/p>\n<p><strong>Points forts:<\/strong><\/p>\n<ul>\n<li>Artisanat en m\u00e9tal<\/li>\n<li>Rev\u00eatement de haute qualit\u00e9 pour une beaut\u00e9 durable<\/li>\n<li>Suitable for indoor display or covered outdoor areas<\/li>\n<li>Cadeau significatif qui repr\u00e9sente l'inspiration, l'appr\u00e9ciation et la gentillesse<\/li>\n<li>Apporte joie et bonheur aux personnes qui appr\u00e9cient les cadeaux porteurs d'un message plus profond sur la vie, la croissance et l'identit\u00e9.<\/li>\n<\/ul>","protected":false},"excerpt":{"rendered":"<p>Handcrafted metal rose symbolizing clear purpose directed aim. Durable for indoors or out. A lasting message of focus.<\/p>","protected":false},"featured_media":4822,"comment_status":"closed","ping_status":"closed","template":"","meta":[],"product_brand":[],"product_cat":[92,94,26],"product_tag":[207,185,189,182,181,173,209,175],"giftcard-category":[],"class_list":{"0":"post-4917","1":"product","2":"type-product","3":"status-publish","4":"has-post-thumbnail","6":"product_cat-lifetime-flowers","7":"product_cat-roses","8":"product_cat-shop-all","9":"product_tag-caregiver-gifts","10":"product_tag-gifts-for-her","11":"product_tag-gifts-for-him","12":"product_tag-home-decor","13":"product_tag-metal-art","14":"product_tag-metal-roses","15":"product_tag-staff-appreciation","16":"product_tag-valentines-day-gifts","17":"pa_color-blue","18":"pa_color-green","19":"pa_color-orange","20":"pa_color-purple","21":"pa_color-red","22":"pa_color-yellow","23":"latest_post","24":"image-hover-transition-effect","26":"first","27":"instock","28":"sale","29":"taxable","30":"shipping-taxable","31":"purchasable","32":"product-type-variable"},"yoast_head":"<!-- This site is optimized with the Yoast SEO plugin v25.5 - https:\/\/yoast.com\/wordpress\/plugins\/seo\/ -->\n<title>Clear Purpose - Boudreau Metal and Custom Designs<\/title>\n<meta name=\"description\" content=\"Symbolize focused intention with the Clear Purpose metal rose. Handcrafted art symbolizes focus intention. Shop Our Metal Roses Today!\" \/>\n<meta name=\"robots\" content=\"index, follow, max-snippet:-1, max-image-preview:large, max-video-preview:-1\" \/>\n<link rel=\"canonical\" href=\"https:\/\/boudreaumetalandcustomdesigns.ca\/fr\/produit\/clear-purpose\/\" \/>\n<meta property=\"og:locale\" content=\"fr_CA\" \/>\n<meta property=\"og:type\" content=\"article\" \/>\n<meta property=\"og:title\" content=\"Clear Purpose - Boudreau Metal and Custom Designs\" \/>\n<meta property=\"og:description\" content=\"Symbolize focused intention with the Clear Purpose metal rose. Handcrafted art symbolizes focus intention. Shop Our Metal Roses Today!\" \/>\n<meta property=\"og:url\" content=\"https:\/\/boudreaumetalandcustomdesigns.ca\/fr\/produit\/clear-purpose\/\" \/>\n<meta property=\"og:site_name\" content=\"Boudreau Metal and Custom Designs\" \/>\n<meta property=\"article:modified_time\" content=\"2026-01-29T15:53:12+00:00\" \/>\n<meta property=\"og:image\" content=\"https:\/\/boudreaumetalandcustomdesigns.ca\/wp-content\/uploads\/2025\/05\/Clear-Purpose-1022x1024.png\" \/>\n\t<meta property=\"og:image:width\" content=\"1022\" \/>\n\t<meta property=\"og:image:height\" content=\"1024\" \/>\n\t<meta property=\"og:image:type\" content=\"image\/png\" \/>\n<meta name=\"twitter:card\" content=\"summary_large_image\" \/>\n<meta name=\"twitter:label1\" content=\"Estimation du temps de lecture\" \/>\n\t<meta name=\"twitter:data1\" content=\"1 minute\" \/>\n<script type=\"application\/ld+json\" class=\"yoast-schema-graph\">{\"@context\":\"https:\/\/schema.org\",\"@graph\":[{\"@type\":\"WebPage\",\"@id\":\"https:\/\/boudreaumetalandcustomdesigns.ca\/product\/clear-purpose\/\",\"url\":\"https:\/\/boudreaumetalandcustomdesigns.ca\/product\/clear-purpose\/\",\"name\":\"Clear Purpose - Boudreau Metal and Custom Designs\",\"isPartOf\":{\"@id\":\"https:\/\/boudreaumetalandcustomdesigns.ca\/#website\"},\"primaryImageOfPage\":{\"@id\":\"https:\/\/boudreaumetalandcustomdesigns.ca\/product\/clear-purpose\/#primaryimage\"},\"image\":{\"@id\":\"https:\/\/boudreaumetalandcustomdesigns.ca\/product\/clear-purpose\/#primaryimage\"},\"thumbnailUrl\":\"https:\/\/boudreaumetalandcustomdesigns.ca\/wp-content\/uploads\/2025\/05\/Clear-Purpose.png\",\"datePublished\":\"2025-05-06T16:57:49+00:00\",\"dateModified\":\"2026-01-29T15:53:12+00:00\",\"description\":\"Symbolize focused intention with the Clear Purpose metal rose. Handcrafted art symbolizes focus intention. Shop Our Metal Roses Today!\",\"breadcrumb\":{\"@id\":\"https:\/\/boudreaumetalandcustomdesigns.ca\/product\/clear-purpose\/#breadcrumb\"},\"inLanguage\":\"fr-CA\",\"potentialAction\":[{\"@type\":\"ReadAction\",\"target\":[\"https:\/\/boudreaumetalandcustomdesigns.ca\/product\/clear-purpose\/\"]}]},{\"@type\":\"ImageObject\",\"inLanguage\":\"fr-CA\",\"@id\":\"https:\/\/boudreaumetalandcustomdesigns.ca\/product\/clear-purpose\/#primaryimage\",\"url\":\"https:\/\/boudreaumetalandcustomdesigns.ca\/wp-content\/uploads\/2025\/05\/Clear-Purpose.png\",\"contentUrl\":\"https:\/\/boudreaumetalandcustomdesigns.ca\/wp-content\/uploads\/2025\/05\/Clear-Purpose.png\",\"width\":1814,\"height\":1818},{\"@type\":\"BreadcrumbList\",\"@id\":\"https:\/\/boudreaumetalandcustomdesigns.ca\/product\/clear-purpose\/#breadcrumb\",\"itemListElement\":[{\"@type\":\"ListItem\",\"position\":1,\"name\":\"Home\",\"item\":\"https:\/\/boudreaumetalandcustomdesigns.ca\/\"},{\"@type\":\"ListItem\",\"position\":2,\"name\":\"Shop All\",\"item\":\"https:\/\/boudreaumetalandcustomdesigns.ca\/shop-all\/\"},{\"@type\":\"ListItem\",\"position\":3,\"name\":\"Clear Purpose\"}]},{\"@type\":\"WebSite\",\"@id\":\"https:\/\/boudreaumetalandcustomdesigns.ca\/#website\",\"url\":\"https:\/\/boudreaumetalandcustomdesigns.ca\/\",\"name\":\"Boudreau Metal and Custom Designs\",\"description\":\"\",\"publisher\":{\"@id\":\"https:\/\/boudreaumetalandcustomdesigns.ca\/#organization\"},\"potentialAction\":[{\"@type\":\"SearchAction\",\"target\":{\"@type\":\"EntryPoint\",\"urlTemplate\":\"https:\/\/boudreaumetalandcustomdesigns.ca\/?s={search_term_string}\"},\"query-input\":{\"@type\":\"PropertyValueSpecification\",\"valueRequired\":true,\"valueName\":\"search_term_string\"}}],\"inLanguage\":\"fr-CA\"},{\"@type\":\"Organization\",\"@id\":\"https:\/\/boudreaumetalandcustomdesigns.ca\/#organization\",\"name\":\"Boudreau Metal and Custom Designs\",\"url\":\"https:\/\/boudreaumetalandcustomdesigns.ca\/\",\"logo\":{\"@type\":\"ImageObject\",\"inLanguage\":\"fr-CA\",\"@id\":\"https:\/\/boudreaumetalandcustomdesigns.ca\/#\/schema\/logo\/image\/\",\"url\":\"https:\/\/boudreaumetalandcustomdesigns.ca\/wp-content\/uploads\/2025\/03\/Boudreau-Web-Logo.png\",\"contentUrl\":\"https:\/\/boudreaumetalandcustomdesigns.ca\/wp-content\/uploads\/2025\/03\/Boudreau-Web-Logo.png\",\"width\":300,\"height\":150,\"caption\":\"Boudreau Metal and Custom Designs\"},\"image\":{\"@id\":\"https:\/\/boudreaumetalandcustomdesigns.ca\/#\/schema\/logo\/image\/\"}}]}<\/script>\n<!-- \/ Yoast SEO plugin. -->","yoast_head_json":{"title":"Clear Purpose - Boudreau Metal and Custom Designs","description":"Symbolize focused intention with the Clear Purpose metal rose. Handcrafted art symbolizes focus intention. Shop Our Metal Roses Today!","robots":{"index":"index","follow":"follow","max-snippet":"max-snippet:-1","max-image-preview":"max-image-preview:large","max-video-preview":"max-video-preview:-1"},"canonical":"https:\/\/boudreaumetalandcustomdesigns.ca\/fr\/produit\/clear-purpose\/","og_locale":"fr_CA","og_type":"article","og_title":"Clear Purpose - Boudreau Metal and Custom Designs","og_description":"Symbolize focused intention with the Clear Purpose metal rose. Handcrafted art symbolizes focus intention. Shop Our Metal Roses Today!","og_url":"https:\/\/boudreaumetalandcustomdesigns.ca\/fr\/produit\/clear-purpose\/","og_site_name":"Boudreau Metal and Custom Designs","article_modified_time":"2026-01-29T15:53:12+00:00","og_image":[{"width":1022,"height":1024,"url":"https:\/\/boudreaumetalandcustomdesigns.ca\/wp-content\/uploads\/2025\/05\/Clear-Purpose-1022x1024.png","type":"image\/png"}],"twitter_card":"summary_large_image","twitter_misc":{"Estimation du temps de lecture":"1 minute"},"schema":{"@context":"https:\/\/schema.org","@graph":[{"@type":"WebPage","@id":"https:\/\/boudreaumetalandcustomdesigns.ca\/product\/clear-purpose\/","url":"https:\/\/boudreaumetalandcustomdesigns.ca\/product\/clear-purpose\/","name":"Clear Purpose - Boudreau Metal and Custom Designs","isPartOf":{"@id":"https:\/\/boudreaumetalandcustomdesigns.ca\/#website"},"primaryImageOfPage":{"@id":"https:\/\/boudreaumetalandcustomdesigns.ca\/product\/clear-purpose\/#primaryimage"},"image":{"@id":"https:\/\/boudreaumetalandcustomdesigns.ca\/product\/clear-purpose\/#primaryimage"},"thumbnailUrl":"https:\/\/boudreaumetalandcustomdesigns.ca\/wp-content\/uploads\/2025\/05\/Clear-Purpose.png","datePublished":"2025-05-06T16:57:49+00:00","dateModified":"2026-01-29T15:53:12+00:00","description":"Symbolize focused intention with the Clear Purpose metal rose. Handcrafted art symbolizes focus intention. Shop Our Metal Roses Today!","breadcrumb":{"@id":"https:\/\/boudreaumetalandcustomdesigns.ca\/product\/clear-purpose\/#breadcrumb"},"inLanguage":"fr-CA","potentialAction":[{"@type":"ReadAction","target":["https:\/\/boudreaumetalandcustomdesigns.ca\/product\/clear-purpose\/"]}]},{"@type":"ImageObject","inLanguage":"fr-CA","@id":"https:\/\/boudreaumetalandcustomdesigns.ca\/product\/clear-purpose\/#primaryimage","url":"https:\/\/boudreaumetalandcustomdesigns.ca\/wp-content\/uploads\/2025\/05\/Clear-Purpose.png","contentUrl":"https:\/\/boudreaumetalandcustomdesigns.ca\/wp-content\/uploads\/2025\/05\/Clear-Purpose.png","width":1814,"height":1818},{"@type":"BreadcrumbList","@id":"https:\/\/boudreaumetalandcustomdesigns.ca\/product\/clear-purpose\/#breadcrumb","itemListElement":[{"@type":"ListItem","position":1,"name":"Home","item":"https:\/\/boudreaumetalandcustomdesigns.ca\/"},{"@type":"ListItem","position":2,"name":"Shop All","item":"https:\/\/boudreaumetalandcustomdesigns.ca\/shop-all\/"},{"@type":"ListItem","position":3,"name":"Clear Purpose"}]},{"@type":"WebSite","@id":"https:\/\/boudreaumetalandcustomdesigns.ca\/#website","url":"https:\/\/boudreaumetalandcustomdesigns.ca\/","name":"Boudreau Metal and Custom Designs","description":"","publisher":{"@id":"https:\/\/boudreaumetalandcustomdesigns.ca\/#organization"},"potentialAction":[{"@type":"SearchAction","target":{"@type":"EntryPoint","urlTemplate":"https:\/\/boudreaumetalandcustomdesigns.ca\/?s={search_term_string}"},"query-input":{"@type":"PropertyValueSpecification","valueRequired":true,"valueName":"search_term_string"}}],"inLanguage":"fr-CA"},{"@type":"Organization","@id":"https:\/\/boudreaumetalandcustomdesigns.ca\/#organization","name":"Boudreau Metal and Custom Designs","url":"https:\/\/boudreaumetalandcustomdesigns.ca\/","logo":{"@type":"ImageObject","inLanguage":"fr-CA","@id":"https:\/\/boudreaumetalandcustomdesigns.ca\/#\/schema\/logo\/image\/","url":"https:\/\/boudreaumetalandcustomdesigns.ca\/wp-content\/uploads\/2025\/03\/Boudreau-Web-Logo.png","contentUrl":"https:\/\/boudreaumetalandcustomdesigns.ca\/wp-content\/uploads\/2025\/03\/Boudreau-Web-Logo.png","width":300,"height":150,"caption":"Boudreau Metal and Custom Designs"},"image":{"@id":"https:\/\/boudreaumetalandcustomdesigns.ca\/#\/schema\/logo\/image\/"}}]}},"_links":{"self":[{"href":"https:\/\/boudreaumetalandcustomdesigns.ca\/fr\/wp-json\/wp\/v2\/product\/4917","targetHints":{"allow":["GET"]}}],"collection":[{"href":"https:\/\/boudreaumetalandcustomdesigns.ca\/fr\/wp-json\/wp\/v2\/product"}],"about":[{"href":"https:\/\/boudreaumetalandcustomdesigns.ca\/fr\/wp-json\/wp\/v2\/types\/product"}],"replies":[{"embeddable":true,"href":"https:\/\/boudreaumetalandcustomdesigns.ca\/fr\/wp-json\/wp\/v2\/comments?post=4917"}],"version-history":[{"count":0,"href":"https:\/\/boudreaumetalandcustomdesigns.ca\/fr\/wp-json\/wp\/v2\/product\/4917\/revisions"}],"wp:featuredmedia":[{"embeddable":true,"href":"https:\/\/boudreaumetalandcustomdesigns.ca\/fr\/wp-json\/wp\/v2\/media\/4822"}],"wp:attachment":[{"href":"https:\/\/boudreaumetalandcustomdesigns.ca\/fr\/wp-json\/wp\/v2\/media?parent=4917"}],"wp:term":[{"taxonomy":"product_brand","embeddable":true,"href":"https:\/\/boudreaumetalandcustomdesigns.ca\/fr\/wp-json\/wp\/v2\/product_brand?post=4917"},{"taxonomy":"product_cat","embeddable":true,"href":"https:\/\/boudreaumetalandcustomdesigns.ca\/fr\/wp-json\/wp\/v2\/product_cat?post=4917"},{"taxonomy":"product_tag","embeddable":true,"href":"https:\/\/boudreaumetalandcustomdesigns.ca\/fr\/wp-json\/wp\/v2\/product_tag?post=4917"},{"taxonomy":"giftcard-category","embeddable":true,"href":"https:\/\/boudreaumetalandcustomdesigns.ca\/fr\/wp-json\/wp\/v2\/giftcard-category?post=4917"}],"curies":[{"name":"wp","href":"https:\/\/api.w.org\/{rel}","templated":true}]}}