{"id":5566,"date":"2025-05-09T19:59:53","date_gmt":"2025-05-09T23:59:53","guid":{"rendered":"https:\/\/boudreaumetalandcustomdesigns.ca\/?page_id=5566"},"modified":"2025-05-16T09:51:09","modified_gmt":"2025-05-16T13:51:09","slug":"fire-pits","status":"publish","type":"page","link":"https:\/\/boudreaumetalandcustomdesigns.ca\/fr\/fire-pits\/","title":{"rendered":"Foyers ext\u00e9rieurs"},"content":{"rendered":"<div data-elementor-type=\"wp-page\" data-elementor-id=\"5566\" class=\"elementor elementor-5566\">\n\t\t\t\t<div class=\"elementor-element elementor-element-6a8e73f e-flex e-con-boxed e-con e-parent\" data-id=\"6a8e73f\" data-element_type=\"container\">\n\t\t\t\t\t<div class=\"e-con-inner\">\n\t\t<div class=\"elementor-element elementor-element-54af218 e-con-full e-flex e-con e-child\" data-id=\"54af218\" data-element_type=\"container\">\n\t\t\t\t<div class=\"elementor-element elementor-element-22044aaa elementor-widget elementor-widget-heading\" data-id=\"22044aaa\" data-element_type=\"widget\" data-widget_type=\"heading.default\">\n\t\t\t\t<div class=\"elementor-widget-container\">\n\t\t\t\t\t<p class=\"elementor-heading-title elementor-size-default\">Du foyer au c\u0153ur, nos foyers ext\u00e9rieurs sont con\u00e7us pour plaire.<\/p>\t\t\t\t<\/div>\n\t\t\t\t<\/div>\n\t\t\t\t<div class=\"elementor-element elementor-element-d9629b7 elementor-widget elementor-widget-text-editor\" data-id=\"d9629b7\" data-element_type=\"widget\" data-widget_type=\"text-editor.default\">\n\t\t\t\t<div class=\"elementor-widget-container\">\n\t\t\t\t\t\t\t\t\t<p>Cr\u00e9ez un espace invitant pour la d\u00e9tente et les bons moments avec notre superbe gamme de foyers ext\u00e9rieurs. Fabriqu\u00e9s \u00e0 la main pour embellir n'importe quel am\u00e9nagement ext\u00e9rieur, nos foyers sont disponibles dans des formes intemporelles et d'\u00e9tonnantes formes hexagonales. Nous savons que le style et la taille sont importants, c'est pourquoi nous vous offrons la possibilit\u00e9 de choisir parmi 6 concept distincts, offerts en deux tailles populaires : 34 pouces ou 40 pouces.<\/p><p>Pour ceux qui cherchent des options l\u00e9g\u00e8rement diff\u00e9rentes, nous ne vous avons pas oubli\u00e9s. Nous proposons \u00e9galement 4 designs suppl\u00e9mentaires, disponibles dans un format pratique de 26 pouces. Cette taille offre un \u00e9l\u00e9ment central pour le feu plus compact mais tout aussi captivant, parfait pour les espaces ext\u00e9rieurs plus intimes. Ici, vous trouverez le foyer qui deviendra le c\u0153ur de vos rencontres en plein air.<\/p>\t\t\t\t\t\t\t\t<\/div>\n\t\t\t\t<\/div>\n\t\t\t\t<\/div>\n\t\t<div class=\"elementor-element elementor-element-fb6015d e-con-full e-flex e-con e-child\" data-id=\"fb6015d\" data-element_type=\"container\" data-settings=\"{&quot;background_background&quot;:&quot;classic&quot;}\">\n\t\t\t\t<div class=\"elementor-element elementor-element-ce669b7 elementor-widget__width-inherit elementor-widget elementor-widget-heading\" data-id=\"ce669b7\" data-element_type=\"widget\" data-widget_type=\"heading.default\">\n\t\t\t\t<div class=\"elementor-widget-container\">\n\t\t\t\t\t<h2 class=\"elementor-heading-title elementor-size-default\">Choisissez parmi<\/h2>\t\t\t\t<\/div>\n\t\t\t\t<\/div>\n\t\t\t\t<div class=\"elementor-element elementor-element-a26294b elementor-widget__width-inherit elementor-widget elementor-widget-text-editor\" data-id=\"a26294b\" data-element_type=\"widget\" data-widget_type=\"text-editor.default\">\n\t\t\t\t<div class=\"elementor-widget-container\">\n\t\t\t\t\t\t\t\t\t<div><p>6 mod\u00e8les<\/p><ul><li>34 pouces\u00a0<\/li><li>40 pouces<\/li><\/ul><\/div>\t\t\t\t\t\t\t\t<\/div>\n\t\t\t\t<\/div>\n\t\t\t\t<div class=\"elementor-element elementor-element-3bde946 elementor-widget__width-inherit elementor-widget elementor-widget-text-editor\" data-id=\"3bde946\" data-element_type=\"widget\" data-widget_type=\"text-editor.default\">\n\t\t\t\t<div class=\"elementor-widget-container\">\n\t\t\t\t\t\t\t\t\t<p>4 mod\u00e8les<\/p><ul><li>26 pouces<\/li><\/ul>\t\t\t\t\t\t\t\t<\/div>\n\t\t\t\t<\/div>\n\t\t\t\t<div class=\"elementor-element elementor-element-307ba4d4 elementor-widget__width-initial elementor-widget elementor-widget-button\" data-id=\"307ba4d4\" data-element_type=\"widget\" data-widget_type=\"button.default\">\n\t\t\t\t<div class=\"elementor-widget-container\">\n\t\t\t\t\t\t\t\t\t<div class=\"elementor-button-wrapper\">\n\t\t\t\t\t<a class=\"elementor-button elementor-button-link elementor-size-sm\" href=\"https:\/\/boudreaumetalandcustomdesigns.ca\/fr\/lets-talk\/\">\n\t\t\t\t\t\t<span class=\"elementor-button-content-wrapper\">\n\t\t\t\t\t\t\t\t\t<span class=\"elementor-button-text\">Des questions? Contactez-nous.<\/span>\n\t\t\t\t\t<\/span>\n\t\t\t\t\t<\/a>\n\t\t\t\t<\/div>\n\t\t\t\t\t\t\t\t<\/div>\n\t\t\t\t<\/div>\n\t\t\t\t<\/div>\n\t\t\t\t\t<\/div>\n\t\t\t\t<\/div>\n\t\t<div class=\"elementor-element elementor-element-a650ee3 e-flex e-con-boxed e-con e-parent\" data-id=\"a650ee3\" data-element_type=\"container\">\n\t\t\t\t\t<div class=\"e-con-inner\">\n\t\t\t\t<div class=\"elementor-element elementor-element-9dc05d3 elementor-widget__width-inherit elementor-widget elementor-widget-shortcode\" data-id=\"9dc05d3\" data-element_type=\"widget\" data-widget_type=\"shortcode.default\">\n\t\t\t\t<div class=\"elementor-widget-container\">\n\t\t\t\t\t\t\t<div class=\"elementor-shortcode\"><div class=\"woocommerce columns-4\"><ul class=\"products columns-4\">\n<li class=\"latest_post image-hover-transition-effect product type-product post-5638 status-publish first instock product_cat-fire-pits product_cat-shop-all product_tag-backyard-fire-pit product_tag-fire-pits product_tag-gifts-for-dad product_tag-gifts-for-her has-post-thumbnail taxable shipping-taxable purchasable product-type-variable\">\n\t<a href=\"https:\/\/boudreaumetalandcustomdesigns.ca\/fr\/produit\/custom-fire-pits\/\" class=\"woocommerce-LoopProduct-link woocommerce-loop-product__link\"><img fetchpriority=\"high\" decoding=\"async\" width=\"300\" height=\"301\" src=\"data:image\/gif;base64,R0lGODlhAQABAAAAACH5BAEKAAEALAAAAAABAAEAAAICTAEAOw==\" class=\"attachment-woocommerce_thumbnail size-woocommerce_thumbnail\" alt=\"Custom Fire Pits\" srcset=\"\" sizes=\"(max-width: 300px) 100vw, 300px\" data-layzr=\"https:\/\/boudreaumetalandcustomdesigns.ca\/wp-content\/uploads\/2025\/05\/CJSE-Pit-300x301.png\" data-loader=\"none\" data-layzr-srcset=\"https:\/\/boudreaumetalandcustomdesigns.ca\/wp-content\/uploads\/2025\/05\/CJSE-Pit-300x301.png 300w, https:\/\/boudreaumetalandcustomdesigns.ca\/wp-content\/uploads\/2025\/05\/CJSE-Pit-1022x1024.png 1022w, https:\/\/boudreaumetalandcustomdesigns.ca\/wp-content\/uploads\/2025\/05\/CJSE-Pit-150x150.png 150w, https:\/\/boudreaumetalandcustomdesigns.ca\/wp-content\/uploads\/2025\/05\/CJSE-Pit-768x770.png 768w, https:\/\/boudreaumetalandcustomdesigns.ca\/wp-content\/uploads\/2025\/05\/CJSE-Pit-355x355.png 355w, https:\/\/boudreaumetalandcustomdesigns.ca\/wp-content\/uploads\/2025\/05\/CJSE-Pit-370x370.png 370w, https:\/\/boudreaumetalandcustomdesigns.ca\/wp-content\/uploads\/2025\/05\/CJSE-Pit-170x170.png 170w, https:\/\/boudreaumetalandcustomdesigns.ca\/wp-content\/uploads\/2025\/05\/CJSE-Pit-1533x1536.png 1533w, https:\/\/boudreaumetalandcustomdesigns.ca\/wp-content\/uploads\/2025\/05\/CJSE-Pit-12x12.png 12w, https:\/\/boudreaumetalandcustomdesigns.ca\/wp-content\/uploads\/2025\/05\/CJSE-Pit-280x280.png 280w, https:\/\/boudreaumetalandcustomdesigns.ca\/wp-content\/uploads\/2025\/05\/CJSE-Pit-600x601.png 600w, https:\/\/boudreaumetalandcustomdesigns.ca\/wp-content\/uploads\/2025\/05\/CJSE-Pit-100x100.png 100w, https:\/\/boudreaumetalandcustomdesigns.ca\/wp-content\/uploads\/2025\/05\/CJSE-Pit.png 1814w\" \/><h2 class=\"woocommerce-loop-product__title\">Foyers ext\u00e9rieurs sur mesure<\/h2>\n\t<span class=\"price\"><span class=\"woocommerce-Price-amount amount\" aria-hidden=\"true\"><bdi><span class=\"woocommerce-Price-currencySymbol\">&#36;<\/span>500.00<\/bdi><\/span> <span aria-hidden=\"true\">&ndash;<\/span> <span class=\"woocommerce-Price-amount amount\" aria-hidden=\"true\"><bdi><span class=\"woocommerce-Price-currencySymbol\">&#36;<\/span>900.00<\/bdi><\/span><span class=\"screen-reader-text\" data-no-translation=\"\" data-trp-gettext=\"\">Price range: &#36;500.00 through &#36;900.00<\/span><\/span>\n<\/a><a href=\"https:\/\/boudreaumetalandcustomdesigns.ca\/fr\/produit\/custom-fire-pits\/\" aria-describedby=\"woocommerce_loop_add_to_cart_link_describedby_5638\" data-quantity=\"1\" class=\"button product_type_variable add_to_cart_button\" data-product_id=\"5638\" data-product_sku=\"\" aria-label=\"S\u00e9lectionner les options pour \u201cCustom Fire Pits\u201d\" rel=\"nofollow\" data-no-translation=\"\" data-trp-gettext=\"\" data-no-translation-aria-label=\"\">Choix des options<\/a>\t<span id=\"woocommerce_loop_add_to_cart_link_describedby_5638\" class=\"screen-reader-text\">\n\t\tCe produit a plusieurs variations. Les options peuvent \u00eatre choisies sur la page du produit\t<\/span>\n<\/li>\n<li class=\"latest_post image-hover-transition-effect product type-product post-7124 status-publish instock product_cat-fire-pits product_cat-outdoor-and-garden-accents product_cat-shop-all product_tag-fathers-day-gifts product_tag-handcrafted-fire-pits has-post-thumbnail taxable shipping-taxable purchasable product-type-variable\">\n\t<a href=\"https:\/\/boudreaumetalandcustomdesigns.ca\/fr\/produit\/tide-flame\/\" class=\"woocommerce-LoopProduct-link woocommerce-loop-product__link\"><img decoding=\"async\" width=\"300\" height=\"300\" src=\"data:image\/gif;base64,R0lGODlhAQABAAAAACH5BAEKAAEALAAAAAABAAEAAAICTAEAOw==\" class=\"attachment-woocommerce_thumbnail size-woocommerce_thumbnail\" alt=\"Tide &amp; Flame\" srcset=\"\" sizes=\"(max-width: 300px) 100vw, 300px\" data-layzr=\"https:\/\/boudreaumetalandcustomdesigns.ca\/wp-content\/uploads\/2026\/01\/IMG_2567-300x300.jpeg\" data-loader=\"none\" data-layzr-srcset=\"https:\/\/boudreaumetalandcustomdesigns.ca\/wp-content\/uploads\/2026\/01\/IMG_2567-300x300.jpeg 300w, https:\/\/boudreaumetalandcustomdesigns.ca\/wp-content\/uploads\/2026\/01\/IMG_2567-1024x1024.jpeg 1024w, https:\/\/boudreaumetalandcustomdesigns.ca\/wp-content\/uploads\/2026\/01\/IMG_2567-150x150.jpeg 150w, https:\/\/boudreaumetalandcustomdesigns.ca\/wp-content\/uploads\/2026\/01\/IMG_2567-768x768.jpeg 768w, https:\/\/boudreaumetalandcustomdesigns.ca\/wp-content\/uploads\/2026\/01\/IMG_2567-355x355.jpeg 355w, https:\/\/boudreaumetalandcustomdesigns.ca\/wp-content\/uploads\/2026\/01\/IMG_2567-370x370.jpeg 370w, https:\/\/boudreaumetalandcustomdesigns.ca\/wp-content\/uploads\/2026\/01\/IMG_2567-170x170.jpeg 170w, https:\/\/boudreaumetalandcustomdesigns.ca\/wp-content\/uploads\/2026\/01\/IMG_2567-1536x1536.jpeg 1536w, https:\/\/boudreaumetalandcustomdesigns.ca\/wp-content\/uploads\/2026\/01\/IMG_2567-2048x2048.jpeg 2048w, https:\/\/boudreaumetalandcustomdesigns.ca\/wp-content\/uploads\/2026\/01\/IMG_2567-12x12.jpeg 12w, https:\/\/boudreaumetalandcustomdesigns.ca\/wp-content\/uploads\/2026\/01\/IMG_2567-280x280.jpeg 280w, https:\/\/boudreaumetalandcustomdesigns.ca\/wp-content\/uploads\/2026\/01\/IMG_2567-600x600.jpeg 600w, https:\/\/boudreaumetalandcustomdesigns.ca\/wp-content\/uploads\/2026\/01\/IMG_2567-100x100.jpeg 100w\" \/><h2 class=\"woocommerce-loop-product__title\">Tide &#038; Flame<\/h2>\n\t<span class=\"price\"><span class=\"woocommerce-Price-amount amount\" aria-hidden=\"true\"><bdi><span class=\"woocommerce-Price-currencySymbol\">&#36;<\/span>500.00<\/bdi><\/span> <span aria-hidden=\"true\">&ndash;<\/span> <span class=\"woocommerce-Price-amount amount\" aria-hidden=\"true\"><bdi><span class=\"woocommerce-Price-currencySymbol\">&#36;<\/span>900.00<\/bdi><\/span><span class=\"screen-reader-text\" data-no-translation=\"\" data-trp-gettext=\"\">Price range: &#36;500.00 through &#36;900.00<\/span><\/span>\n<\/a><a href=\"https:\/\/boudreaumetalandcustomdesigns.ca\/fr\/produit\/tide-flame\/\" aria-describedby=\"woocommerce_loop_add_to_cart_link_describedby_7124\" data-quantity=\"1\" class=\"button product_type_variable add_to_cart_button\" data-product_id=\"7124\" data-product_sku=\"\" aria-label=\"S\u00e9lectionner les options pour \u201cTide &amp; Flame\u201d\" rel=\"nofollow\" data-no-translation=\"\" data-trp-gettext=\"\" data-no-translation-aria-label=\"\">Choix des options<\/a>\t<span id=\"woocommerce_loop_add_to_cart_link_describedby_7124\" class=\"screen-reader-text\">\n\t\tCe produit a plusieurs variations. Les options peuvent \u00eatre choisies sur la page du produit\t<\/span>\n<\/li>\n<li class=\"latest_post image-hover-transition-effect product type-product post-5574 status-publish instock product_cat-fire-pits product_cat-hunter-inspired product_cat-shop-all product_tag-fathers-day-gifts product_tag-handcrafted-fire-pits product_tag-unique-gifts-for-hunters product_tag-wildlife-art has-post-thumbnail taxable shipping-taxable purchasable product-type-variable\">\n\t<a href=\"https:\/\/boudreaumetalandcustomdesigns.ca\/fr\/produit\/timber-tales\/\" class=\"woocommerce-LoopProduct-link woocommerce-loop-product__link\"><img decoding=\"async\" width=\"300\" height=\"301\" src=\"data:image\/gif;base64,R0lGODlhAQABAAAAACH5BAEKAAEALAAAAAABAAEAAAICTAEAOw==\" class=\"attachment-woocommerce_thumbnail size-woocommerce_thumbnail\" alt=\"Timber Tales\" srcset=\"\" sizes=\"(max-width: 300px) 100vw, 300px\" data-layzr=\"https:\/\/boudreaumetalandcustomdesigns.ca\/wp-content\/uploads\/2025\/05\/Timber-Tales-Fire-Pit.png\" data-loader=\"none\" data-layzr-srcset=\"https:\/\/boudreaumetalandcustomdesigns.ca\/wp-content\/uploads\/2025\/05\/Timber-Tales-Fire-Pit.png 1814w, https:\/\/boudreaumetalandcustomdesigns.ca\/wp-content\/uploads\/2025\/05\/Timber-Tales-Fire-Pit-300x300.png 300w, https:\/\/boudreaumetalandcustomdesigns.ca\/wp-content\/uploads\/2025\/05\/Timber-Tales-Fire-Pit-1022x1024.png 1022w, https:\/\/boudreaumetalandcustomdesigns.ca\/wp-content\/uploads\/2025\/05\/Timber-Tales-Fire-Pit-150x150.png 150w, https:\/\/boudreaumetalandcustomdesigns.ca\/wp-content\/uploads\/2025\/05\/Timber-Tales-Fire-Pit-768x770.png 768w, https:\/\/boudreaumetalandcustomdesigns.ca\/wp-content\/uploads\/2025\/05\/Timber-Tales-Fire-Pit-355x355.png 355w, https:\/\/boudreaumetalandcustomdesigns.ca\/wp-content\/uploads\/2025\/05\/Timber-Tales-Fire-Pit-370x370.png 370w, https:\/\/boudreaumetalandcustomdesigns.ca\/wp-content\/uploads\/2025\/05\/Timber-Tales-Fire-Pit-170x170.png 170w\" \/><h2 class=\"woocommerce-loop-product__title\">Histoires de bois<\/h2>\n\t<span class=\"price\"><span class=\"woocommerce-Price-amount amount\" aria-hidden=\"true\"><bdi><span class=\"woocommerce-Price-currencySymbol\">&#36;<\/span>700.00<\/bdi><\/span> <span aria-hidden=\"true\">&ndash;<\/span> <span class=\"woocommerce-Price-amount amount\" aria-hidden=\"true\"><bdi><span class=\"woocommerce-Price-currencySymbol\">&#36;<\/span>900.00<\/bdi><\/span><span class=\"screen-reader-text\" data-no-translation=\"\" data-trp-gettext=\"\">Price range: &#36;700.00 through &#36;900.00<\/span><\/span>\n<\/a><a href=\"https:\/\/boudreaumetalandcustomdesigns.ca\/fr\/produit\/timber-tales\/\" aria-describedby=\"woocommerce_loop_add_to_cart_link_describedby_5574\" data-quantity=\"1\" class=\"button product_type_variable add_to_cart_button\" data-product_id=\"5574\" data-product_sku=\"\" aria-label=\"S\u00e9lectionner les options pour \u201cTimber Tales\u201d\" rel=\"nofollow\" data-no-translation=\"\" data-trp-gettext=\"\" data-no-translation-aria-label=\"\">Choix des options<\/a>\t<span id=\"woocommerce_loop_add_to_cart_link_describedby_5574\" class=\"screen-reader-text\">\n\t\tCe produit a plusieurs variations. Les options peuvent \u00eatre choisies sur la page du produit\t<\/span>\n<\/li>\n<\/ul>\n<\/div><\/div>\n\t\t\t\t\t\t<\/div>\n\t\t\t\t<\/div>\n\t\t\t\t\t<\/div>\n\t\t\t\t<\/div>\n\t\t\t\t<\/div>","protected":false},"excerpt":{"rendered":"<p>From Hearth to Heart, Our Fire Pits are Designed to Please. Create an inviting space for relaxation and connection with &hellip; <\/p>","protected":false},"author":1,"featured_media":0,"parent":0,"menu_order":0,"comment_status":"closed","ping_status":"closed","template":"elementor_header_footer","meta":{"footnotes":""},"class_list":["post-5566","page","type-page","status-publish","hentry","latest_post","image-hover-transition-effect"],"yoast_head":"<!-- This site is optimized with the Yoast SEO plugin v25.5 - https:\/\/yoast.com\/wordpress\/plugins\/seo\/ -->\n<title>Fire Pits - Boudreau Metal and Custom Designs<\/title>\n<meta name=\"robots\" content=\"index, follow, max-snippet:-1, max-image-preview:large, max-video-preview:-1\" \/>\n<link rel=\"canonical\" href=\"https:\/\/boudreaumetalandcustomdesigns.ca\/fr\/fire-pits\/\" \/>\n<meta property=\"og:locale\" content=\"fr_CA\" \/>\n<meta property=\"og:type\" content=\"article\" \/>\n<meta property=\"og:title\" content=\"Fire Pits - Boudreau Metal and Custom Designs\" \/>\n<meta property=\"og:description\" content=\"From Hearth to Heart, Our Fire Pits are Designed to Please. Create an inviting space for relaxation and connection with &hellip;\" \/>\n<meta property=\"og:url\" content=\"https:\/\/boudreaumetalandcustomdesigns.ca\/fr\/fire-pits\/\" \/>\n<meta property=\"og:site_name\" content=\"Boudreau Metal and Custom Designs\" \/>\n<meta property=\"article:modified_time\" content=\"2025-05-16T13:51:09+00:00\" \/>\n<meta name=\"twitter:card\" content=\"summary_large_image\" \/>\n<meta name=\"twitter:label1\" content=\"Estimation du temps de lecture\" \/>\n\t<meta name=\"twitter:data1\" content=\"1 minute\" \/>\n<script type=\"application\/ld+json\" class=\"yoast-schema-graph\">{\"@context\":\"https:\/\/schema.org\",\"@graph\":[{\"@type\":\"WebPage\",\"@id\":\"https:\/\/boudreaumetalandcustomdesigns.ca\/fire-pits\/\",\"url\":\"https:\/\/boudreaumetalandcustomdesigns.ca\/fire-pits\/\",\"name\":\"Fire Pits - Boudreau Metal and Custom Designs\",\"isPartOf\":{\"@id\":\"https:\/\/boudreaumetalandcustomdesigns.ca\/#website\"},\"datePublished\":\"2025-05-09T23:59:53+00:00\",\"dateModified\":\"2025-05-16T13:51:09+00:00\",\"breadcrumb\":{\"@id\":\"https:\/\/boudreaumetalandcustomdesigns.ca\/fire-pits\/#breadcrumb\"},\"inLanguage\":\"fr-CA\",\"potentialAction\":[{\"@type\":\"ReadAction\",\"target\":[\"https:\/\/boudreaumetalandcustomdesigns.ca\/fire-pits\/\"]}]},{\"@type\":\"BreadcrumbList\",\"@id\":\"https:\/\/boudreaumetalandcustomdesigns.ca\/fire-pits\/#breadcrumb\",\"itemListElement\":[{\"@type\":\"ListItem\",\"position\":1,\"name\":\"Home\",\"item\":\"https:\/\/boudreaumetalandcustomdesigns.ca\/\"},{\"@type\":\"ListItem\",\"position\":2,\"name\":\"Fire Pits\"}]},{\"@type\":\"WebSite\",\"@id\":\"https:\/\/boudreaumetalandcustomdesigns.ca\/#website\",\"url\":\"https:\/\/boudreaumetalandcustomdesigns.ca\/\",\"name\":\"Boudreau Metal and Custom Designs\",\"description\":\"\",\"publisher\":{\"@id\":\"https:\/\/boudreaumetalandcustomdesigns.ca\/#organization\"},\"potentialAction\":[{\"@type\":\"SearchAction\",\"target\":{\"@type\":\"EntryPoint\",\"urlTemplate\":\"https:\/\/boudreaumetalandcustomdesigns.ca\/?s={search_term_string}\"},\"query-input\":{\"@type\":\"PropertyValueSpecification\",\"valueRequired\":true,\"valueName\":\"search_term_string\"}}],\"inLanguage\":\"fr-CA\"},{\"@type\":\"Organization\",\"@id\":\"https:\/\/boudreaumetalandcustomdesigns.ca\/#organization\",\"name\":\"Boudreau Metal and Custom Designs\",\"url\":\"https:\/\/boudreaumetalandcustomdesigns.ca\/\",\"logo\":{\"@type\":\"ImageObject\",\"inLanguage\":\"fr-CA\",\"@id\":\"https:\/\/boudreaumetalandcustomdesigns.ca\/#\/schema\/logo\/image\/\",\"url\":\"https:\/\/boudreaumetalandcustomdesigns.ca\/wp-content\/uploads\/2025\/03\/Boudreau-Web-Logo.png\",\"contentUrl\":\"https:\/\/boudreaumetalandcustomdesigns.ca\/wp-content\/uploads\/2025\/03\/Boudreau-Web-Logo.png\",\"width\":300,\"height\":150,\"caption\":\"Boudreau Metal and Custom Designs\"},\"image\":{\"@id\":\"https:\/\/boudreaumetalandcustomdesigns.ca\/#\/schema\/logo\/image\/\"}}]}<\/script>\n<!-- \/ Yoast SEO plugin. -->","yoast_head_json":{"title":"Fire Pits - Boudreau Metal and Custom Designs","robots":{"index":"index","follow":"follow","max-snippet":"max-snippet:-1","max-image-preview":"max-image-preview:large","max-video-preview":"max-video-preview:-1"},"canonical":"https:\/\/boudreaumetalandcustomdesigns.ca\/fr\/fire-pits\/","og_locale":"fr_CA","og_type":"article","og_title":"Fire Pits - Boudreau Metal and Custom Designs","og_description":"From Hearth to Heart, Our Fire Pits are Designed to Please. Create an inviting space for relaxation and connection with &hellip;","og_url":"https:\/\/boudreaumetalandcustomdesigns.ca\/fr\/fire-pits\/","og_site_name":"Boudreau Metal and Custom Designs","article_modified_time":"2025-05-16T13:51:09+00:00","twitter_card":"summary_large_image","twitter_misc":{"Estimation du temps de lecture":"1 minute"},"schema":{"@context":"https:\/\/schema.org","@graph":[{"@type":"WebPage","@id":"https:\/\/boudreaumetalandcustomdesigns.ca\/fire-pits\/","url":"https:\/\/boudreaumetalandcustomdesigns.ca\/fire-pits\/","name":"Fire Pits - Boudreau Metal and Custom Designs","isPartOf":{"@id":"https:\/\/boudreaumetalandcustomdesigns.ca\/#website"},"datePublished":"2025-05-09T23:59:53+00:00","dateModified":"2025-05-16T13:51:09+00:00","breadcrumb":{"@id":"https:\/\/boudreaumetalandcustomdesigns.ca\/fire-pits\/#breadcrumb"},"inLanguage":"fr-CA","potentialAction":[{"@type":"ReadAction","target":["https:\/\/boudreaumetalandcustomdesigns.ca\/fire-pits\/"]}]},{"@type":"BreadcrumbList","@id":"https:\/\/boudreaumetalandcustomdesigns.ca\/fire-pits\/#breadcrumb","itemListElement":[{"@type":"ListItem","position":1,"name":"Home","item":"https:\/\/boudreaumetalandcustomdesigns.ca\/"},{"@type":"ListItem","position":2,"name":"Fire Pits"}]},{"@type":"WebSite","@id":"https:\/\/boudreaumetalandcustomdesigns.ca\/#website","url":"https:\/\/boudreaumetalandcustomdesigns.ca\/","name":"Boudreau Metal and Custom Designs","description":"","publisher":{"@id":"https:\/\/boudreaumetalandcustomdesigns.ca\/#organization"},"potentialAction":[{"@type":"SearchAction","target":{"@type":"EntryPoint","urlTemplate":"https:\/\/boudreaumetalandcustomdesigns.ca\/?s={search_term_string}"},"query-input":{"@type":"PropertyValueSpecification","valueRequired":true,"valueName":"search_term_string"}}],"inLanguage":"fr-CA"},{"@type":"Organization","@id":"https:\/\/boudreaumetalandcustomdesigns.ca\/#organization","name":"Boudreau Metal and Custom Designs","url":"https:\/\/boudreaumetalandcustomdesigns.ca\/","logo":{"@type":"ImageObject","inLanguage":"fr-CA","@id":"https:\/\/boudreaumetalandcustomdesigns.ca\/#\/schema\/logo\/image\/","url":"https:\/\/boudreaumetalandcustomdesigns.ca\/wp-content\/uploads\/2025\/03\/Boudreau-Web-Logo.png","contentUrl":"https:\/\/boudreaumetalandcustomdesigns.ca\/wp-content\/uploads\/2025\/03\/Boudreau-Web-Logo.png","width":300,"height":150,"caption":"Boudreau Metal and Custom Designs"},"image":{"@id":"https:\/\/boudreaumetalandcustomdesigns.ca\/#\/schema\/logo\/image\/"}}]}},"_links":{"self":[{"href":"https:\/\/boudreaumetalandcustomdesigns.ca\/fr\/wp-json\/wp\/v2\/pages\/5566","targetHints":{"allow":["GET"]}}],"collection":[{"href":"https:\/\/boudreaumetalandcustomdesigns.ca\/fr\/wp-json\/wp\/v2\/pages"}],"about":[{"href":"https:\/\/boudreaumetalandcustomdesigns.ca\/fr\/wp-json\/wp\/v2\/types\/page"}],"author":[{"embeddable":true,"href":"https:\/\/boudreaumetalandcustomdesigns.ca\/fr\/wp-json\/wp\/v2\/users\/1"}],"replies":[{"embeddable":true,"href":"https:\/\/boudreaumetalandcustomdesigns.ca\/fr\/wp-json\/wp\/v2\/comments?post=5566"}],"version-history":[{"count":0,"href":"https:\/\/boudreaumetalandcustomdesigns.ca\/fr\/wp-json\/wp\/v2\/pages\/5566\/revisions"}],"wp:attachment":[{"href":"https:\/\/boudreaumetalandcustomdesigns.ca\/fr\/wp-json\/wp\/v2\/media?parent=5566"}],"curies":[{"name":"wp","href":"https:\/\/api.w.org\/{rel}","templated":true}]}}